{"id":88726,"date":"2024-02-09T09:55:32","date_gmt":"2024-02-09T14:55:32","guid":{"rendered":"https:\/\/www.senasa.gob.pe\/senasa\/?page_id=88726"},"modified":"2024-03-23T15:27:21","modified_gmt":"2024-03-23T20:27:21","slug":"cas-moquegua-2024-ii","status":"publish","type":"page","link":"https:\/\/www.senasa.gob.pe\/senasa\/cas-moquegua-2024-ii\/","title":{"rendered":"CAS MOQUEGUA 2024-II"},"content":{"rendered":"<p><a href=\"https:\/\/www.senasa.gob.pe\/senasa\/descargasarchivos\/2024\/02\/COMUNICADO-N\u00b0-014-2024-SENASA-1.pdf\"><strong><span style=\"font-family: helvetica, arial, sans-serif; font-size: 14pt;\">COMUNICADO N\u00b0014-2024-SENASA<\/span><\/strong><\/a><\/p>\n<p><a href=\"https:\/\/www.senasa.gob.pe\/senasa\/descargasarchivos\/2024\/03\/COMUNICADO-016-CRONOGRAMA-EVALUACION-DE-CONOCIMIENTOS.pdf\"><strong><span style=\"font-family: helvetica, arial, sans-serif; font-size: 14pt;\">COMUNICADO N\u00b0016-2024-SENASA<\/span><\/strong><\/a><\/p>\n<p><span style=\"font-size: 14pt;\"><strong><span style=\"font-family: helvetica, arial, sans-serif;\"><a href=\"https:\/\/www.senasa.gob.pe\/senasa\/descargasarchivos\/2024\/03\/COMUNICADO-N\u00b0022-2024-SENASA.pdf\">COMUNICADO N\u00b0 022-2024-SENASA<\/a><\/span><\/strong><\/span><\/p>\n<table style=\"width: 1104px;\">\n<tbody>\n<tr style=\"background-color: #b6f0f0; height: 46px;\">\n<td style=\"width: 82px; height: 10px; text-align: center;\"><span style=\"font-family: helvetica, arial, sans-serif; font-size: 10pt;\"><strong>N\u00b0 Proceso<\/strong><\/span><\/td>\n<td style=\"width: 107px; text-align: center; height: 10px;\"><span style=\"font-family: helvetica, arial, sans-serif; font-size: 10pt;\"><strong>Posiciones<\/strong><\/span><\/td>\n<td style=\"width: 120px; height: 10px; text-align: center;\"><span style=\"font-family: helvetica, arial, sans-serif; font-size: 10pt;\"><strong>Puesto<\/strong><\/span><\/td>\n<td style=\"width: 63px; height: 10px; text-align: center;\"><span style=\"font-family: helvetica, arial, sans-serif; font-size: 10pt;\"><strong>Bases<\/strong><\/span><\/td>\n<td style=\"width: 133px; text-align: center; height: 10px;\"><span style=\"font-family: helvetica, arial, sans-serif; font-size: 10pt;\"><strong>Resultado: Cumplimiento de Requisitos M\u00ednimos<\/strong><\/span><\/td>\n<td style=\"width: 145px; text-align: center; height: 10px;\"><span style=\"font-size: 10pt; font-family: helvetica, arial, sans-serif;\"><strong>Resultado: Evaluaci\u00f3n de Conocimientos<\/strong><strong><br \/>\n<\/strong><\/span><\/td>\n<td style=\"width: 105px; height: 10px; text-align: center;\"><span style=\"font-family: helvetica, arial, sans-serif; font-size: 10pt;\"><strong>Resultado: Evaluaci\u00f3n curricular\u00a0<\/strong><\/span><\/td>\n<td style=\"width: 107px; height: 10px; text-align: center;\"><span style=\"font-family: helvetica, arial, sans-serif; font-size: 10pt;\"><strong>Resultado: Entrevista personal \u00a0y Final<\/strong><\/span><\/td>\n<td style=\"width: 120px; height: 10px; text-align: center;\"><span style=\"font-family: helvetica, arial, sans-serif; font-size: 10pt;\"><strong>Nuevo<\/strong><\/span><\/p>\n<p><span style=\"font-family: helvetica, arial, sans-serif; font-size: 10pt;\"><strong>Cronograma<\/strong><\/span><\/td>\n<td style=\"width: 122px; height: 10px; text-align: center;\"><span style=\"font-size: 10pt; font-family: helvetica, arial, sans-serif;\"><strong>Comunicado \/ Fe de erratas<\/strong><\/span><\/td>\n<\/tr>\n<tr>\n<td style=\"width: 82px; text-align: center;\" width=\"149\">348<\/td>\n<td style=\"width: 107px; text-align: center;\" width=\"122\">1<\/td>\n<td style=\"width: 120px; text-align: center;\" width=\"155\">Analista Intermedio en Sanidad Animal<\/td>\n<td style=\"width: 63px; text-align: center; height: 51px;\"><span style=\"font-family: helvetica, arial, sans-serif; font-size: 10pt;\"><strong><a href=\"https:\/\/www.senasa.gob.pe\/senasa\/descargasarchivos\/2024\/02\/348-Moquegua-1.pdf\"><span style=\"font-family: helvetica, arial, sans-serif; font-size: 12pt;\"><img loading=\"lazy\" decoding=\"async\" class=\" wp-image-42563 aligncenter\" src=\"https:\/\/www.senasa.gob.pe\/senasa\/descargasarchivos\/2018\/10\/pdf-1.png\" alt=\"\" width=\"48\" height=\"48\" \/><\/span><\/a><\/strong><\/span><\/td>\n<td style=\"width: 133px; text-align: center; height: 51px;\"><span style=\"font-family: helvetica, arial, sans-serif; font-size: 12pt;\"><strong><span style=\"font-family: helvetica, arial, sans-serif; font-size: 10pt;\"><a href=\"https:\/\/www.senasa.gob.pe\/senasa\/descargasarchivos\/2024\/03\/RES-REQ-MINIMOS-348.pdf\"><img loading=\"lazy\" decoding=\"async\" class=\"aligncenter wp-image-42053\" src=\"https:\/\/www.senasa.gob.pe\/senasa\/descargasarchivos\/2018\/09\/archivo-1.png\" alt=\"\" width=\"47\" height=\"47\" \/><\/a><\/span><\/strong><\/span><\/td>\n<td style=\"width: 145px; text-align: center; height: 51px;\"><span style=\"font-family: helvetica, arial, sans-serif; font-size: 12pt;\"><strong><span style=\"font-family: helvetica, arial, sans-serif; font-size: 10pt;\"><a href=\"https:\/\/www.senasa.gob.pe\/senasa\/descargasarchivos\/2024\/03\/Resultado-de-conocimientos-348.pdf\"><img loading=\"lazy\" decoding=\"async\" class=\"aligncenter wp-image-42053\" src=\"https:\/\/www.senasa.gob.pe\/senasa\/descargasarchivos\/2018\/09\/archivo-1.png\" alt=\"\" width=\"47\" height=\"47\" \/><\/a><\/span><\/strong><\/span><\/td>\n<td style=\"width: 105px; text-align: center; height: 51px;\"><span style=\"font-family: helvetica, arial, sans-serif; font-size: 10pt;\"><strong><span style=\"font-family: helvetica, arial, sans-serif; font-size: 12pt;\"><a href=\"https:\/\/www.senasa.gob.pe\/senasa\/descargasarchivos\/2024\/03\/res-curricular-CAS-348-2024-SENASA.pdf\"><img loading=\"lazy\" decoding=\"async\" class=\"aligncenter wp-image-42053\" src=\"https:\/\/www.senasa.gob.pe\/senasa\/descargasarchivos\/2018\/09\/archivo-1.png\" alt=\"\" width=\"47\" height=\"47\" \/><\/a><\/span>\u00a0<\/strong><\/span><\/td>\n<td style=\"width: 107px; text-align: center; height: 51px;\"><span style=\"font-family: helvetica, arial, sans-serif; font-size: 10pt;\"><strong><span style=\"font-family: helvetica, arial, sans-serif; font-size: 12pt;\"><a href=\"https:\/\/www.senasa.gob.pe\/senasa\/descargasarchivos\/2024\/03\/RES-ENTREVISTA-CAS-348-2024-SENASA.pdf\"><img loading=\"lazy\" decoding=\"async\" class=\"size-full wp-image-42056 aligncenter\" src=\"https:\/\/www.senasa.gob.pe\/senasa\/descargasarchivos\/2018\/09\/calidad.png\" alt=\"\" width=\"64\" height=\"64\" \/><\/a><\/span>\u00a0<\/strong><\/span><\/td>\n<td style=\"width: 120px; text-align: center; height: 51px;\"><span style=\"font-family: helvetica, arial, sans-serif; font-size: 10pt;\"><strong> <a href=\"https:\/\/www.senasa.gob.pe\/senasa\/descargasarchivos\/2024\/02\/COMUNICADO-N\u00b0-014-2024-SENASA-1.pdf\"><span style=\"font-family: helvetica, arial, sans-serif; font-size: 12pt;\"><img loading=\"lazy\" decoding=\"async\" class=\" wp-image-42563 aligncenter\" src=\"https:\/\/www.senasa.gob.pe\/senasa\/descargasarchivos\/2018\/10\/pdf-1.png\" alt=\"\" width=\"48\" height=\"48\" \/><\/span><\/a><\/strong><\/span><\/td>\n<td style=\"width: 122px; text-align: center; height: 51px;\"><span style=\"font-size: 10pt; font-family: helvetica, arial, sans-serif;\"><strong>\u00a0<\/strong><\/span><\/td>\n<\/tr>\n<tr>\n<td style=\"width: 82px; text-align: center;\">349<\/td>\n<td style=\"width: 107px; text-align: center;\">2<\/td>\n<td style=\"width: 120px; text-align: center;\">T\u00e9cnico Agropecuario<\/td>\n<td style=\"width: 63px; height: 41px;\"><span style=\"font-family: helvetica, arial, sans-serif; font-size: 10pt;\"><strong><a href=\"https:\/\/www.senasa.gob.pe\/senasa\/descargasarchivos\/2024\/02\/349-Moquegua-3.pdf\"><span style=\"font-family: helvetica, arial, sans-serif; font-size: 12pt;\"><img loading=\"lazy\" decoding=\"async\" class=\" wp-image-42563 aligncenter\" src=\"https:\/\/www.senasa.gob.pe\/senasa\/descargasarchivos\/2018\/10\/pdf-1.png\" alt=\"\" width=\"48\" height=\"48\" \/><\/span><\/a><\/strong><\/span><\/td>\n<td style=\"width: 133px; height: 41px; text-align: center;\"><span style=\"font-family: helvetica, arial, sans-serif; font-size: 12pt;\"><strong><span style=\"font-family: helvetica, arial, sans-serif; font-size: 10pt;\"><a href=\"https:\/\/www.senasa.gob.pe\/senasa\/descargasarchivos\/2024\/03\/2.-Resultado-349-Evaluacion-de-Fichas.pdf\"><img loading=\"lazy\" decoding=\"async\" class=\"aligncenter wp-image-42053\" src=\"https:\/\/www.senasa.gob.pe\/senasa\/descargasarchivos\/2018\/09\/archivo-1.png\" alt=\"\" width=\"47\" height=\"47\" \/><\/a><\/span><\/strong><\/span><\/td>\n<td style=\"width: 145px; height: 41px;\"><span style=\"font-family: helvetica, arial, sans-serif; font-size: 12pt;\"><strong><span style=\"font-family: helvetica, arial, sans-serif; font-size: 10pt;\"><a href=\"https:\/\/www.senasa.gob.pe\/senasa\/descargasarchivos\/2024\/03\/1.-PLANTILLA-N\u00b0-349-CAS-II.pdf\"><img loading=\"lazy\" decoding=\"async\" class=\"aligncenter wp-image-42053\" src=\"https:\/\/www.senasa.gob.pe\/senasa\/descargasarchivos\/2018\/09\/archivo-1.png\" alt=\"\" width=\"47\" height=\"47\" \/><\/a><\/span><\/strong><\/span><\/td>\n<td style=\"width: 105px; height: 41px;\"><span style=\"font-family: helvetica, arial, sans-serif; font-size: 10pt;\"><strong><span style=\"font-family: helvetica, arial, sans-serif; font-size: 12pt;\"><a href=\"https:\/\/www.senasa.gob.pe\/senasa\/descargasarchivos\/2024\/03\/1.-PLANTILLA-N\u00b0-349-CAS.pdf\"><img loading=\"lazy\" decoding=\"async\" class=\"aligncenter wp-image-42053\" src=\"https:\/\/www.senasa.gob.pe\/senasa\/descargasarchivos\/2018\/09\/archivo-1.png\" alt=\"\" width=\"47\" height=\"47\" \/><\/a><\/span><\/strong><\/span><\/td>\n<td style=\"width: 107px; height: 41px;\"><span style=\"font-family: helvetica, arial, sans-serif; font-size: 10pt;\"><strong><span style=\"font-family: helvetica, arial, sans-serif; font-size: 12pt;\"><a href=\"https:\/\/www.senasa.gob.pe\/senasa\/descargasarchivos\/2024\/03\/1.-PLANTILLA-N\u00b0-349-CAS-II-3.pdf\"><img loading=\"lazy\" decoding=\"async\" class=\"size-full wp-image-42056 aligncenter\" src=\"https:\/\/www.senasa.gob.pe\/senasa\/descargasarchivos\/2018\/09\/calidad.png\" alt=\"\" width=\"64\" height=\"64\" \/><\/a><\/span><\/strong><\/span><\/td>\n<td style=\"width: 120px; height: 41px;\"><span style=\"font-family: helvetica, arial, sans-serif; font-size: 10pt;\"><strong><a href=\"https:\/\/www.senasa.gob.pe\/senasa\/descargasarchivos\/2024\/02\/COMUNICADO-N\u00b0-014-2024-SENASA-1.pdf\"><span style=\"font-family: helvetica, arial, sans-serif; font-size: 12pt;\"><img loading=\"lazy\" decoding=\"async\" class=\" wp-image-42563 aligncenter\" src=\"https:\/\/www.senasa.gob.pe\/senasa\/descargasarchivos\/2018\/10\/pdf-1.png\" alt=\"\" width=\"48\" height=\"48\" \/><\/span><\/a><\/strong><\/span><\/td>\n<td style=\"width: 122px; height: 41px;\"><\/td>\n<\/tr>\n<tr>\n<td style=\"width: 82px; text-align: center;\">350<\/td>\n<td style=\"width: 107px; text-align: center;\">1<\/td>\n<td style=\"width: 120px; text-align: center;\">T\u00e9cnico Agropecuario<\/td>\n<td style=\"width: 63px; height: 12px;\"><span style=\"font-family: helvetica, arial, sans-serif; font-size: 10pt;\"><strong><a href=\"https:\/\/www.senasa.gob.pe\/senasa\/descargasarchivos\/2024\/02\/350-Moquegua-1.pdf\"><span style=\"font-family: helvetica, arial, sans-serif; font-size: 12pt;\"><img loading=\"lazy\" decoding=\"async\" class=\" wp-image-42563 aligncenter\" src=\"https:\/\/www.senasa.gob.pe\/senasa\/descargasarchivos\/2018\/10\/pdf-1.png\" alt=\"\" width=\"48\" height=\"48\" \/><\/span><\/a><\/strong><\/span><\/td>\n<td style=\"width: 133px; height: 12px;\"><span style=\"font-family: helvetica, arial, sans-serif; font-size: 12pt;\"><strong><span style=\"font-family: helvetica, arial, sans-serif; font-size: 10pt;\"><a href=\"https:\/\/www.senasa.gob.pe\/senasa\/descargasarchivos\/2024\/03\/2.-Resultados-350-Evaluacion-de-Fichas.pdf\"><img loading=\"lazy\" decoding=\"async\" class=\"aligncenter wp-image-42053\" src=\"https:\/\/www.senasa.gob.pe\/senasa\/descargasarchivos\/2018\/09\/archivo-1.png\" alt=\"\" width=\"47\" height=\"47\" \/><\/a><\/span><\/strong><\/span><\/td>\n<td style=\"width: 145px; height: 12px; text-align: center;\"><span style=\"font-family: helvetica, arial, sans-serif; font-size: 12pt;\"><strong><span style=\"font-family: helvetica, arial, sans-serif; font-size: 10pt;\"><a href=\"https:\/\/www.senasa.gob.pe\/senasa\/descargasarchivos\/2024\/03\/1.-PLANTILLA-N\u00b0-350-CAS-II.pdf\">Desierto<br \/>\n<img loading=\"lazy\" decoding=\"async\" class=\"aligncenter wp-image-42053\" src=\"https:\/\/www.senasa.gob.pe\/senasa\/descargasarchivos\/2018\/09\/archivo-1.png\" alt=\"\" width=\"47\" height=\"47\" \/><\/a><\/span><\/strong><\/span><\/td>\n<td style=\"width: 105px; height: 12px;\"><\/td>\n<td style=\"width: 107px; height: 12px;\"><\/td>\n<td style=\"width: 120px; height: 12px;\"><span style=\"font-family: helvetica, arial, sans-serif; font-size: 10pt;\"><strong><a href=\"https:\/\/www.senasa.gob.pe\/senasa\/descargasarchivos\/2024\/02\/COMUNICADO-N\u00b0-014-2024-SENASA-1.pdf\"><span style=\"font-family: helvetica, arial, sans-serif; font-size: 12pt;\"><img loading=\"lazy\" decoding=\"async\" class=\" wp-image-42563 aligncenter\" src=\"https:\/\/www.senasa.gob.pe\/senasa\/descargasarchivos\/2018\/10\/pdf-1.png\" alt=\"\" width=\"48\" height=\"48\" \/><\/span><\/a><\/strong><\/span><\/td>\n<td style=\"width: 122px; height: 12px;\"><\/td>\n<\/tr>\n<tr>\n<td style=\"width: 82px; text-align: center;\">351<\/td>\n<td style=\"width: 107px; text-align: center;\">1<\/td>\n<td style=\"width: 120px; text-align: center;\" width=\"155\">Analista intermedio en Sanidad Vegetal<\/td>\n<td style=\"width: 63px; height: 10px;\"><span style=\"font-family: helvetica, arial, sans-serif; font-size: 10pt;\"><strong><a href=\"https:\/\/www.senasa.gob.pe\/senasa\/descargasarchivos\/2024\/02\/351-Moquegua-1.pdf\"><span style=\"font-family: helvetica, arial, sans-serif; font-size: 12pt;\"><img loading=\"lazy\" decoding=\"async\" class=\" wp-image-42563 aligncenter\" src=\"https:\/\/www.senasa.gob.pe\/senasa\/descargasarchivos\/2018\/10\/pdf-1.png\" alt=\"\" width=\"48\" height=\"48\" \/><\/span><\/a><\/strong><\/span><\/td>\n<td style=\"width: 133px; height: 10px;\"><span style=\"font-family: helvetica, arial, sans-serif; font-size: 12pt;\"><strong><span style=\"font-family: helvetica, arial, sans-serif; font-size: 10pt;\"><a href=\"https:\/\/www.senasa.gob.pe\/senasa\/descargasarchivos\/2024\/03\/RES-CAS-351-1.pdf\"><img loading=\"lazy\" decoding=\"async\" class=\"aligncenter wp-image-42053\" src=\"https:\/\/www.senasa.gob.pe\/senasa\/descargasarchivos\/2018\/09\/archivo-1.png\" alt=\"\" width=\"47\" height=\"47\" \/><\/a><\/span><\/strong><\/span><\/td>\n<td style=\"width: 145px; height: 10px; text-align: center;\"><span style=\"font-family: helvetica, arial, sans-serif; font-size: 12pt;\"><strong><span style=\"font-family: helvetica, arial, sans-serif; font-size: 10pt;\"><a href=\"https:\/\/www.senasa.gob.pe\/senasa\/descargasarchivos\/2024\/03\/Ev-ficha-PLANTILLA-N-CAS-351.pdf\"><img loading=\"lazy\" decoding=\"async\" class=\"aligncenter wp-image-42053\" src=\"https:\/\/www.senasa.gob.pe\/senasa\/descargasarchivos\/2018\/09\/archivo-1.png\" alt=\"\" width=\"47\" height=\"47\" \/><\/a><\/span><\/strong><\/span><\/td>\n<td style=\"width: 105px; height: 10px;\"><span style=\"font-family: helvetica, arial, sans-serif; font-size: 10pt;\"><strong><span style=\"font-family: helvetica, arial, sans-serif; font-size: 12pt;\"><a href=\"https:\/\/www.senasa.gob.pe\/senasa\/descargasarchivos\/2024\/03\/CAS-351_CURRICULAR.pdf\"><img loading=\"lazy\" decoding=\"async\" class=\"aligncenter wp-image-42053\" src=\"https:\/\/www.senasa.gob.pe\/senasa\/descargasarchivos\/2018\/09\/archivo-1.png\" alt=\"\" width=\"47\" height=\"47\" \/><\/a><\/span><\/strong><\/span><\/td>\n<td style=\"width: 107px; height: 10px;\"><span style=\"font-family: helvetica, arial, sans-serif; font-size: 10pt;\"><strong><span style=\"font-family: helvetica, arial, sans-serif; font-size: 12pt;\"><a href=\"https:\/\/www.senasa.gob.pe\/senasa\/descargasarchivos\/2024\/03\/res-final-N-CAS-351-Rev.-18-mar.pdf\"><img loading=\"lazy\" decoding=\"async\" class=\"size-full wp-image-42056 aligncenter\" src=\"https:\/\/www.senasa.gob.pe\/senasa\/descargasarchivos\/2018\/09\/calidad.png\" alt=\"\" width=\"64\" height=\"64\" \/><\/a><\/span><\/strong><\/span><\/td>\n<td style=\"width: 120px; height: 10px;\"><span style=\"font-family: helvetica, arial, sans-serif; font-size: 10pt;\"><strong><a href=\"https:\/\/www.senasa.gob.pe\/senasa\/descargasarchivos\/2024\/02\/COMUNICADO-N\u00b0-014-2024-SENASA-1.pdf\"><span style=\"font-family: helvetica, arial, sans-serif; font-size: 12pt;\"><img loading=\"lazy\" decoding=\"async\" class=\" wp-image-42563 aligncenter\" src=\"https:\/\/www.senasa.gob.pe\/senasa\/descargasarchivos\/2018\/10\/pdf-1.png\" alt=\"\" width=\"48\" height=\"48\" \/><\/span><\/a><\/strong><\/span><\/td>\n<td style=\"width: 122px; height: 10px;\"><a href=\"https:\/\/www.senasa.gob.pe\/senasa\/descargasarchivos\/2024\/03\/FE-DE-ERRATAS-CAS-N351-xxx.pdf\"><img loading=\"lazy\" decoding=\"async\" class=\" wp-image-42563 aligncenter\" src=\"https:\/\/www.senasa.gob.pe\/senasa\/descargasarchivos\/2018\/10\/pdf-1.png\" alt=\"\" width=\"48\" height=\"48\" \/><\/a><\/td>\n<\/tr>\n<tr>\n<td style=\"width: 82px; text-align: center;\">352<\/td>\n<td style=\"width: 107px; text-align: center;\">1<\/td>\n<td style=\"width: 120px; text-align: center;\" width=\"155\">Asistente Intermedio en Sanidad e Inocuidad<\/td>\n<td style=\"width: 63px; height: 24px;\"><span style=\"font-family: helvetica, arial, sans-serif; font-size: 10pt;\"><strong><a href=\"https:\/\/www.senasa.gob.pe\/senasa\/descargasarchivos\/2024\/02\/352-Moquegua-1.pdf\"><span style=\"font-family: helvetica, arial, sans-serif; font-size: 12pt;\"><img loading=\"lazy\" decoding=\"async\" class=\" wp-image-42563 aligncenter\" src=\"https:\/\/www.senasa.gob.pe\/senasa\/descargasarchivos\/2018\/10\/pdf-1.png\" alt=\"\" width=\"48\" height=\"48\" \/><\/span><\/a><\/strong><\/span><\/td>\n<td style=\"width: 133px; height: 24px;\"><span style=\"font-family: helvetica, arial, sans-serif; font-size: 12pt;\"><strong><span style=\"font-family: helvetica, arial, sans-serif; font-size: 10pt;\"><a href=\"https:\/\/www.senasa.gob.pe\/senasa\/descargasarchivos\/2024\/03\/RES-CAS-352-1.pdf\"><img loading=\"lazy\" decoding=\"async\" class=\"aligncenter wp-image-42053\" src=\"https:\/\/www.senasa.gob.pe\/senasa\/descargasarchivos\/2018\/09\/archivo-1.png\" alt=\"\" width=\"47\" height=\"47\" \/><\/a><\/span><\/strong><\/span><\/td>\n<td style=\"width: 145px; text-align: center; height: 24px;\"><span style=\"font-family: helvetica, arial, sans-serif; font-size: 12pt;\"><strong><span style=\"font-family: helvetica, arial, sans-serif; font-size: 10pt;\"><a href=\"https:\/\/www.senasa.gob.pe\/senasa\/descargasarchivos\/2024\/03\/DESIERTO-CAS-352.pdf\">Desierto<img loading=\"lazy\" decoding=\"async\" class=\"aligncenter wp-image-42053\" src=\"https:\/\/www.senasa.gob.pe\/senasa\/descargasarchivos\/2018\/09\/archivo-1.png\" alt=\"\" width=\"47\" height=\"47\" \/><\/a><\/span><\/strong><\/span><\/td>\n<td style=\"width: 105px; height: 24px;\"><\/td>\n<td style=\"width: 107px; height: 24px;\"><\/td>\n<td style=\"width: 120px; height: 24px;\"><span style=\"font-family: helvetica, arial, sans-serif; font-size: 10pt;\"><strong><a href=\"https:\/\/www.senasa.gob.pe\/senasa\/descargasarchivos\/2024\/02\/COMUNICADO-N\u00b0-014-2024-SENASA-1.pdf\"><span style=\"font-family: helvetica, arial, sans-serif; font-size: 12pt;\"><img loading=\"lazy\" decoding=\"async\" class=\" wp-image-42563 aligncenter\" src=\"https:\/\/www.senasa.gob.pe\/senasa\/descargasarchivos\/2018\/10\/pdf-1.png\" alt=\"\" width=\"48\" height=\"48\" \/><\/span><\/a><\/strong><\/span><\/td>\n<td style=\"width: 122px; height: 24px;\"><a href=\"https:\/\/www.senasa.gob.pe\/senasa\/descargasarchivos\/2024\/03\/FE-DE-ERRATAS-CAS-N352-xxx.pdf\"><img loading=\"lazy\" decoding=\"async\" class=\" wp-image-42563 aligncenter\" src=\"https:\/\/www.senasa.gob.pe\/senasa\/descargasarchivos\/2018\/10\/pdf-1.png\" alt=\"\" width=\"48\" height=\"48\" \/><\/a><\/td>\n<\/tr>\n<tr style=\"height: 24px;\">\n<td style=\"width: 82px; text-align: center; height: 24px;\"><\/td>\n<td style=\"width: 107px; text-align: center; height: 24px;\"><\/td>\n<td style=\"width: 120px; height: 24px;\" width=\"155\"><\/td>\n<td style=\"width: 63px; height: 24px;\"><\/td>\n<td style=\"width: 133px; height: 24px;\"><\/td>\n<td style=\"width: 145px; height: 24px;\"><\/td>\n<td style=\"width: 105px; height: 24px;\"><\/td>\n<td style=\"width: 107px; height: 24px;\"><\/td>\n<td style=\"width: 120px; height: 24px;\"><\/td>\n<td style=\"width: 122px; height: 24px;\"><\/td>\n<\/tr>\n<tr style=\"height: 24px;\">\n<td style=\"width: 82px; text-align: center; height: 24px;\"><\/td>\n<td style=\"width: 107px; text-align: center; height: 24px;\"><\/td>\n<td style=\"width: 120px; height: 24px;\"><\/td>\n<td style=\"width: 63px; height: 24px;\"><\/td>\n<td style=\"width: 133px; height: 24px;\"><\/td>\n<td style=\"width: 145px; height: 24px;\"><\/td>\n<td style=\"width: 105px; height: 24px;\"><\/td>\n<td style=\"width: 107px; height: 24px;\"><\/td>\n<td style=\"width: 120px; height: 24px;\"><\/td>\n<td style=\"width: 122px; height: 24px;\"><\/td>\n<\/tr>\n<\/tbody>\n<\/table>\n","protected":false},"excerpt":{"rendered":"<p>COMUNICADO N\u00b0014-2024-SENASA COMUNICADO N\u00b0016-2024-SENASA COMUNICADO N\u00b0 022-2024-SENASA N\u00b0 Proceso Posiciones Puesto Bases Resultado: Cumplimiento de Requisitos M\u00ednimos Resultado: Evaluaci\u00f3n de Conocimientos Resultado: Evaluaci\u00f3n curricular\u00a0 Resultado: Entrevista personal \u00a0y Final Nuevo Cronograma Comunicado \/ Fe de erratas 348 1 Analista Intermedio en Sanidad Animal \u00a0 \u00a0 \u00a0 349 2 T\u00e9cnico Agropecuario 350 1 T\u00e9cnico Agropecuario Desierto [&hellip;]<\/p>\n","protected":false},"author":48,"featured_media":0,"parent":0,"menu_order":0,"comment_status":"closed","ping_status":"closed","template":"","meta":{"footnotes":""},"class_list":["post-88726","page","type-page","status-publish","hentry"],"_links":{"self":[{"href":"https:\/\/www.senasa.gob.pe\/senasa\/wp-json\/wp\/v2\/pages\/88726","targetHints":{"allow":["GET"]}}],"collection":[{"href":"https:\/\/www.senasa.gob.pe\/senasa\/wp-json\/wp\/v2\/pages"}],"about":[{"href":"https:\/\/www.senasa.gob.pe\/senasa\/wp-json\/wp\/v2\/types\/page"}],"author":[{"embeddable":true,"href":"https:\/\/www.senasa.gob.pe\/senasa\/wp-json\/wp\/v2\/users\/48"}],"replies":[{"embeddable":true,"href":"https:\/\/www.senasa.gob.pe\/senasa\/wp-json\/wp\/v2\/comments?post=88726"}],"version-history":[{"count":30,"href":"https:\/\/www.senasa.gob.pe\/senasa\/wp-json\/wp\/v2\/pages\/88726\/revisions"}],"predecessor-version":[{"id":91975,"href":"https:\/\/www.senasa.gob.pe\/senasa\/wp-json\/wp\/v2\/pages\/88726\/revisions\/91975"}],"wp:attachment":[{"href":"https:\/\/www.senasa.gob.pe\/senasa\/wp-json\/wp\/v2\/media?parent=88726"}],"curies":[{"name":"wp","href":"https:\/\/api.w.org\/{rel}","templated":true}]}}