{"id":88746,"date":"2024-02-09T09:58:58","date_gmt":"2024-02-09T14:58:58","guid":{"rendered":"https:\/\/www.senasa.gob.pe\/senasa\/?page_id=88746"},"modified":"2024-03-23T15:50:16","modified_gmt":"2024-03-23T20:50:16","slug":"cas-san-martin-2024-ii","status":"publish","type":"page","link":"https:\/\/www.senasa.gob.pe\/senasa\/cas-san-martin-2024-ii\/","title":{"rendered":"CAS SAN MART\u00cdN  2024-ii"},"content":{"rendered":"<p><a href=\"https:\/\/www.senasa.gob.pe\/senasa\/descargasarchivos\/2024\/02\/COMUNICADO-N\u00b0-014-2024-SENASA-1.pdf\"><strong><span style=\"font-family: helvetica, arial, sans-serif; font-size: 14pt;\">COMUNICADO N\u00b0014-2024-SENASA<\/span><\/strong><\/a><\/p>\n<p><a href=\"https:\/\/www.senasa.gob.pe\/senasa\/descargasarchivos\/2024\/03\/COMUNICADO-016-CRONOGRAMA-EVALUACION-DE-CONOCIMIENTOS.pdf\"><strong><span style=\"font-family: helvetica, arial, sans-serif; font-size: 14pt;\">COMUNICADO N\u00b0016-2024-SENASA<\/span><\/strong><\/a><\/p>\n<p><span style=\"font-size: 14pt;\"><strong><span style=\"font-family: helvetica, arial, sans-serif;\"><a href=\"https:\/\/www.senasa.gob.pe\/senasa\/descargasarchivos\/2024\/03\/COMUNICADO-N\u00b0022-2024-SENASA.pdf\">COMUNICADO N\u00b0 022-2024-SENASA<\/a><\/span><\/strong><\/span><\/p>\n<table style=\"width: 96.6067%;\">\n<tbody>\n<tr style=\"background-color: #b6f0f0; height: 46px;\">\n<td style=\"width: 7.36364%; height: 10px; text-align: center;\"><span style=\"font-family: helvetica, arial, sans-serif; font-size: 10pt;\"><strong>N\u00b0 Proceso<\/strong><\/span><\/td>\n<td style=\"width: 9.54545%; text-align: center; height: 10px;\"><span style=\"font-family: helvetica, arial, sans-serif; font-size: 10pt;\"><strong>Posiciones<\/strong><\/span><\/td>\n<td style=\"width: 10.6364%; height: 10px; text-align: center;\"><span style=\"font-family: helvetica, arial, sans-serif; font-size: 10pt;\"><strong>Puesto<\/strong><\/span><\/td>\n<td style=\"width: 5.81818%; height: 10px; text-align: center;\"><span style=\"font-family: helvetica, arial, sans-serif; font-size: 10pt;\"><strong>Bases<\/strong><\/span><\/td>\n<td style=\"width: 11.6364%; text-align: center; height: 10px;\"><span style=\"font-family: helvetica, arial, sans-serif; font-size: 10pt;\"><strong>Resultado: Cumplimiento de Requisitos M\u00ednimos<\/strong><\/span><\/td>\n<td style=\"width: 12.7273%; text-align: center; height: 10px;\"><span style=\"font-size: 10pt; font-family: helvetica, arial, sans-serif;\"><strong>Resultado: Evaluaci\u00f3n de Conocimientos<\/strong><strong><br \/>\n<\/strong><\/span><\/td>\n<td style=\"width: 9.36364%; height: 10px; text-align: center;\"><span style=\"font-family: helvetica, arial, sans-serif; font-size: 10pt;\"><strong>Resultado: Evaluaci\u00f3n curricular\u00a0<\/strong><\/span><\/td>\n<td style=\"width: 9.54545%; height: 10px; text-align: center;\"><span style=\"font-family: helvetica, arial, sans-serif; font-size: 10pt;\"><strong>Resultado: Entrevista personal y Final<\/strong><\/span><\/td>\n<td style=\"width: 10.6364%; height: 10px; text-align: center;\"><span style=\"font-family: helvetica, arial, sans-serif; font-size: 10pt;\"><strong>Nuevo<\/strong><\/span><\/p>\n<p><span style=\"font-family: helvetica, arial, sans-serif; font-size: 10pt;\"><strong>Cronograma<\/strong><\/span><\/td>\n<td style=\"width: 10.8182%; height: 10px; text-align: center;\"><span style=\"font-size: 10pt; font-family: helvetica, arial, sans-serif;\"><strong>Comunicado \/ Fe de erratas<\/strong><\/span><\/td>\n<\/tr>\n<tr>\n<td style=\"width: 7.36364%; text-align: center;\" width=\"149\">371<\/td>\n<td style=\"width: 9.54545%; text-align: center;\" width=\"122\">3<\/td>\n<td style=\"width: 10.6364%; text-align: center;\" width=\"155\">Asistente intermedio en Sanidad Vegetal<\/td>\n<td style=\"width: 5.81818%; text-align: center; height: 51px;\"><span style=\"font-family: helvetica, arial, sans-serif; font-size: 10pt;\"><strong><a href=\"https:\/\/www.senasa.gob.pe\/senasa\/descargasarchivos\/2024\/02\/371-San-Martin-1.pdf\"><span style=\"font-family: helvetica, arial, sans-serif; font-size: 12pt;\"><img loading=\"lazy\" decoding=\"async\" class=\" wp-image-42563 aligncenter\" src=\"https:\/\/www.senasa.gob.pe\/senasa\/descargasarchivos\/2018\/10\/pdf-1.png\" alt=\"\" width=\"48\" height=\"48\" \/><\/span><\/a><\/strong><\/span><\/td>\n<td style=\"width: 11.6364%; text-align: center; height: 51px;\"><span style=\"font-family: helvetica, arial, sans-serif; font-size: 12pt;\"><strong><span style=\"font-family: helvetica, arial, sans-serif; font-size: 10pt;\"><a href=\"https:\/\/www.senasa.gob.pe\/senasa\/descargasarchivos\/2024\/03\/res-ev-req-min-371-1.pdf\"><img loading=\"lazy\" decoding=\"async\" class=\"aligncenter wp-image-42053\" src=\"https:\/\/www.senasa.gob.pe\/senasa\/descargasarchivos\/2018\/09\/archivo-1.png\" alt=\"\" width=\"47\" height=\"47\" \/><\/a><\/span><\/strong><\/span><\/td>\n<td style=\"width: 12.7273%; text-align: center; height: 51px;\"><span style=\"font-family: helvetica, arial, sans-serif; font-size: 12pt;\"><strong><span style=\"font-family: helvetica, arial, sans-serif; font-size: 10pt;\"><a href=\"https:\/\/www.senasa.gob.pe\/senasa\/descargasarchivos\/2024\/03\/Resultado-conocimientos-371.pdf\"><img loading=\"lazy\" decoding=\"async\" class=\"aligncenter wp-image-42053\" src=\"https:\/\/www.senasa.gob.pe\/senasa\/descargasarchivos\/2018\/09\/archivo-1.png\" alt=\"\" width=\"47\" height=\"47\" \/><\/a><\/span><\/strong><\/span><\/td>\n<td style=\"width: 9.36364%; text-align: center; height: 51px;\"><span style=\"font-family: helvetica, arial, sans-serif; font-size: 10pt;\"><strong><span style=\"font-family: helvetica, arial, sans-serif; font-size: 12pt;\"><a href=\"https:\/\/www.senasa.gob.pe\/senasa\/descargasarchivos\/2024\/03\/RES-CURRICULAR-N\u00b0-CAS-371-REVISADO.pdf\"><img loading=\"lazy\" decoding=\"async\" class=\"aligncenter wp-image-42053\" src=\"https:\/\/www.senasa.gob.pe\/senasa\/descargasarchivos\/2018\/09\/archivo-1.png\" alt=\"\" width=\"47\" height=\"47\" \/><\/a><\/span>\u00a0<\/strong><\/span><\/td>\n<td style=\"width: 9.54545%; text-align: center; height: 51px;\"><span style=\"font-family: helvetica, arial, sans-serif; font-size: 10pt;\"><strong><span style=\"font-family: helvetica, arial, sans-serif; font-size: 12pt;\"><a href=\"https:\/\/www.senasa.gob.pe\/senasa\/descargasarchivos\/2024\/03\/res-entrevista-N-CAS-371-REVISADO-ATC.pdf\"><img loading=\"lazy\" decoding=\"async\" class=\"size-full wp-image-42056 aligncenter\" src=\"https:\/\/www.senasa.gob.pe\/senasa\/descargasarchivos\/2018\/09\/calidad.png\" alt=\"\" width=\"64\" height=\"64\" \/><\/a><\/span>\u00a0<\/strong><\/span><\/td>\n<td style=\"width: 10.6364%; text-align: center; height: 51px;\"><span style=\"font-family: helvetica, arial, sans-serif; font-size: 10pt;\"><strong> <a href=\"https:\/\/www.senasa.gob.pe\/senasa\/descargasarchivos\/2024\/02\/COMUNICADO-N\u00b0-014-2024-SENASA-1.pdf\"><span style=\"font-family: helvetica, arial, sans-serif; font-size: 12pt;\"><img loading=\"lazy\" decoding=\"async\" class=\" wp-image-42563 aligncenter\" src=\"https:\/\/www.senasa.gob.pe\/senasa\/descargasarchivos\/2018\/10\/pdf-1.png\" alt=\"\" width=\"48\" height=\"48\" \/><\/span><\/a><\/strong><\/span><\/td>\n<td style=\"width: 10.8182%; text-align: center; height: 51px;\"><span style=\"font-size: 10pt; font-family: helvetica, arial, sans-serif;\"><strong>\u00a0<\/strong><\/span><\/td>\n<\/tr>\n<tr>\n<td style=\"width: 7.36364%; text-align: center;\">372<\/td>\n<td style=\"width: 9.54545%; text-align: center;\">1<\/td>\n<td style=\"width: 10.6364%; text-align: center;\" width=\"155\">Analista intermedio en Sanidad Vegetal<\/td>\n<td style=\"width: 5.81818%; height: 41px;\"><span style=\"font-family: helvetica, arial, sans-serif; font-size: 10pt;\"><strong><a href=\"https:\/\/www.senasa.gob.pe\/senasa\/descargasarchivos\/2024\/02\/372-San-Martin-1.pdf\"><span style=\"font-family: helvetica, arial, sans-serif; font-size: 12pt;\"><img loading=\"lazy\" decoding=\"async\" class=\" wp-image-42563 aligncenter\" src=\"https:\/\/www.senasa.gob.pe\/senasa\/descargasarchivos\/2018\/10\/pdf-1.png\" alt=\"\" width=\"48\" height=\"48\" \/><\/span><\/a><\/strong><\/span><\/td>\n<td style=\"width: 11.6364%; height: 41px; text-align: center;\"><span style=\"font-family: helvetica, arial, sans-serif; font-size: 12pt;\"><strong><span style=\"font-family: helvetica, arial, sans-serif; font-size: 10pt;\"><a href=\"https:\/\/www.senasa.gob.pe\/senasa\/descargasarchivos\/2024\/03\/PLANTILLA-N\u00b0-CAS-372-REVISION2.pdf\"><img loading=\"lazy\" decoding=\"async\" class=\"aligncenter wp-image-42053\" src=\"https:\/\/www.senasa.gob.pe\/senasa\/descargasarchivos\/2018\/09\/archivo-1.png\" alt=\"\" width=\"47\" height=\"47\" \/><\/a><\/span><\/strong><\/span><\/td>\n<td style=\"width: 12.7273%; height: 41px;\"><span style=\"font-family: helvetica, arial, sans-serif; font-size: 12pt;\"><strong><span style=\"font-family: helvetica, arial, sans-serif; font-size: 10pt;\"><a href=\"https:\/\/www.senasa.gob.pe\/senasa\/descargasarchivos\/2024\/03\/Resultados-conocimientos-372.pdf\"><img loading=\"lazy\" decoding=\"async\" class=\"aligncenter wp-image-42053\" src=\"https:\/\/www.senasa.gob.pe\/senasa\/descargasarchivos\/2018\/09\/archivo-1.png\" alt=\"\" width=\"47\" height=\"47\" \/><\/a><\/span><\/strong><\/span><\/td>\n<td style=\"width: 9.36364%; height: 41px;\"><span style=\"font-family: helvetica, arial, sans-serif; font-size: 12pt;\"><strong><span style=\"font-family: helvetica, arial, sans-serif; font-size: 10pt;\"><a href=\"https:\/\/www.senasa.gob.pe\/senasa\/descargasarchivos\/2024\/03\/RES-CURRICULAR-N\u00b0-CAS-372.pdf\"><img loading=\"lazy\" decoding=\"async\" class=\"aligncenter wp-image-42053\" src=\"https:\/\/www.senasa.gob.pe\/senasa\/descargasarchivos\/2018\/09\/archivo-1.png\" alt=\"\" width=\"47\" height=\"47\" \/><\/a><\/span><\/strong><\/span><\/td>\n<td style=\"width: 9.54545%; height: 41px;\"><span style=\"font-family: helvetica, arial, sans-serif; font-size: 10pt;\"><strong><span style=\"font-family: helvetica, arial, sans-serif; font-size: 12pt;\"><a href=\"https:\/\/www.senasa.gob.pe\/senasa\/descargasarchivos\/2024\/03\/res-final-de-PLANTILLA-N-CAS-II-372-Entrevista.pdf\"><img loading=\"lazy\" decoding=\"async\" class=\"size-full wp-image-42056 aligncenter\" src=\"https:\/\/www.senasa.gob.pe\/senasa\/descargasarchivos\/2018\/09\/calidad.png\" alt=\"\" width=\"64\" height=\"64\" \/><\/a><\/span><\/strong><\/span><\/td>\n<td style=\"width: 10.6364%; height: 41px;\"><span style=\"font-family: helvetica, arial, sans-serif; font-size: 10pt;\"><strong><a href=\"https:\/\/www.senasa.gob.pe\/senasa\/descargasarchivos\/2024\/02\/COMUNICADO-N\u00b0-014-2024-SENASA-1.pdf\"><span style=\"font-family: helvetica, arial, sans-serif; font-size: 12pt;\"><img loading=\"lazy\" decoding=\"async\" class=\" wp-image-42563 aligncenter\" src=\"https:\/\/www.senasa.gob.pe\/senasa\/descargasarchivos\/2018\/10\/pdf-1.png\" alt=\"\" width=\"48\" height=\"48\" \/><\/span><\/a><\/strong><\/span><\/td>\n<td style=\"width: 10.8182%; height: 41px; text-align: center;\"><span style=\"font-family: helvetica, arial, sans-serif; font-size: 10pt;\"><strong><a href=\"https:\/\/www.senasa.gob.pe\/senasa\/descargasarchivos\/2024\/03\/FE-DE-ERRATAS-372.pdf\"><span style=\"font-family: helvetica, arial, sans-serif; font-size: 12pt;\">FE DE ERRATAS<img loading=\"lazy\" decoding=\"async\" class=\" wp-image-42563 aligncenter\" src=\"https:\/\/www.senasa.gob.pe\/senasa\/descargasarchivos\/2018\/10\/pdf-1.png\" alt=\"\" width=\"48\" height=\"48\" \/><\/span><\/a><\/strong><\/span><\/td>\n<\/tr>\n<tr>\n<td style=\"width: 7.36364%; text-align: center;\">373<\/td>\n<td style=\"width: 9.54545%; text-align: center;\">1<\/td>\n<td style=\"width: 10.6364%; text-align: center;\">\u00a0Asistente Intermedio en Semillas<\/td>\n<td style=\"width: 5.81818%; height: 12px;\"><span style=\"font-family: helvetica, arial, sans-serif; font-size: 10pt;\"><strong><a href=\"https:\/\/www.senasa.gob.pe\/senasa\/descargasarchivos\/2024\/02\/373-San-Martin-1.pdf\"><span style=\"font-family: helvetica, arial, sans-serif; font-size: 12pt;\"><img loading=\"lazy\" decoding=\"async\" class=\" wp-image-42563 aligncenter\" src=\"https:\/\/www.senasa.gob.pe\/senasa\/descargasarchivos\/2018\/10\/pdf-1.png\" alt=\"\" width=\"48\" height=\"48\" \/><\/span><\/a><\/strong><\/span><\/td>\n<td style=\"width: 11.6364%; height: 12px; text-align: center;\"><span style=\"font-family: helvetica, arial, sans-serif; font-size: 12pt;\"><strong><span style=\"font-family: helvetica, arial, sans-serif; font-size: 10pt;\"><a href=\"https:\/\/www.senasa.gob.pe\/senasa\/descargasarchivos\/2024\/03\/373-CAS-II-pUBLICAR.pdf\">Desierto<img loading=\"lazy\" decoding=\"async\" class=\"wp-image-42053 aligncenter\" src=\"https:\/\/www.senasa.gob.pe\/senasa\/descargasarchivos\/2018\/09\/archivo-1.png\" alt=\"\" width=\"47\" height=\"47\" \/><\/a><\/span><\/strong><\/span><\/td>\n<td style=\"width: 12.7273%; height: 12px;\"><\/td>\n<td style=\"width: 9.36364%; height: 12px;\"><\/td>\n<td style=\"width: 9.54545%; height: 12px;\"><\/td>\n<td style=\"width: 10.6364%; height: 12px;\"><span style=\"font-family: helvetica, arial, sans-serif; font-size: 10pt;\"><strong><a href=\"https:\/\/www.senasa.gob.pe\/senasa\/descargasarchivos\/2024\/02\/COMUNICADO-N\u00b0-014-2024-SENASA-1.pdf\"><img loading=\"lazy\" decoding=\"async\" class=\" wp-image-42563 aligncenter\" src=\"https:\/\/www.senasa.gob.pe\/senasa\/descargasarchivos\/2018\/10\/pdf-1.png\" alt=\"\" width=\"48\" height=\"48\" \/><\/a><br \/>\n<\/strong><\/span><\/td>\n<td style=\"width: 10.8182%; height: 12px;\"><\/td>\n<\/tr>\n<tr style=\"height: 10px;\">\n<td style=\"width: 7.36364%; text-align: center; height: 10px;\"><\/td>\n<td style=\"width: 9.54545%; text-align: center; height: 10px;\"><\/td>\n<td style=\"width: 10.6364%; height: 10px; text-align: center;\"><\/td>\n<td style=\"width: 5.81818%; height: 10px;\"><\/td>\n<td style=\"width: 11.6364%; height: 10px;\"><\/td>\n<td style=\"width: 12.7273%; height: 10px; text-align: center;\"><\/td>\n<td style=\"width: 9.36364%; height: 10px;\"><\/td>\n<td style=\"width: 9.54545%; height: 10px;\"><\/td>\n<td style=\"width: 10.6364%; height: 10px;\"><\/td>\n<td style=\"width: 10.8182%; height: 10px;\"><\/td>\n<\/tr>\n<tr style=\"height: 24px;\">\n<td style=\"width: 7.36364%; text-align: center; height: 24px;\"><\/td>\n<td style=\"width: 9.54545%; text-align: center; height: 24px;\"><\/td>\n<td style=\"width: 10.6364%; height: 24px;\" width=\"155\"><\/td>\n<td style=\"width: 5.81818%; height: 24px;\"><\/td>\n<td style=\"width: 11.6364%; height: 24px;\"><\/td>\n<td style=\"width: 12.7273%; text-align: center; height: 24px;\"><\/td>\n<td style=\"width: 9.36364%; height: 24px;\"><\/td>\n<td style=\"width: 9.54545%; height: 24px;\"><\/td>\n<td style=\"width: 10.6364%; height: 24px;\"><\/td>\n<td style=\"width: 10.8182%; height: 24px;\"><\/td>\n<\/tr>\n<tr style=\"height: 24px;\">\n<td style=\"width: 7.36364%; text-align: center; height: 24px;\"><\/td>\n<td style=\"width: 9.54545%; text-align: center; height: 24px;\"><\/td>\n<td style=\"width: 10.6364%; height: 24px;\" width=\"155\"><\/td>\n<td style=\"width: 5.81818%; height: 24px;\"><\/td>\n<td style=\"width: 11.6364%; height: 24px;\"><\/td>\n<td style=\"width: 12.7273%; height: 24px;\"><\/td>\n<td style=\"width: 9.36364%; height: 24px;\"><\/td>\n<td style=\"width: 9.54545%; height: 24px;\"><\/td>\n<td style=\"width: 10.6364%; height: 24px;\"><\/td>\n<td style=\"width: 10.8182%; height: 24px;\"><\/td>\n<\/tr>\n<tr style=\"height: 24px;\">\n<td style=\"width: 7.36364%; text-align: center; height: 24px;\"><\/td>\n<td style=\"width: 9.54545%; text-align: center; height: 24px;\"><\/td>\n<td style=\"width: 10.6364%; height: 24px;\"><\/td>\n<td style=\"width: 5.81818%; height: 24px;\"><\/td>\n<td style=\"width: 11.6364%; height: 24px;\"><\/td>\n<td style=\"width: 12.7273%; height: 24px;\"><\/td>\n<td style=\"width: 9.36364%; height: 24px;\"><\/td>\n<td style=\"width: 9.54545%; height: 24px;\"><\/td>\n<td style=\"width: 10.6364%; height: 24px;\"><\/td>\n<td style=\"width: 10.8182%; height: 24px;\"><\/td>\n<\/tr>\n<\/tbody>\n<\/table>\n","protected":false},"excerpt":{"rendered":"<p>COMUNICADO N\u00b0014-2024-SENASA COMUNICADO N\u00b0016-2024-SENASA COMUNICADO N\u00b0 022-2024-SENASA N\u00b0 Proceso Posiciones Puesto Bases Resultado: Cumplimiento de Requisitos M\u00ednimos Resultado: Evaluaci\u00f3n de Conocimientos Resultado: Evaluaci\u00f3n curricular\u00a0 Resultado: Entrevista personal y Final Nuevo Cronograma Comunicado \/ Fe de erratas 371 3 Asistente intermedio en Sanidad Vegetal \u00a0 \u00a0 \u00a0 372 1 Analista intermedio en Sanidad Vegetal FE DE [&hellip;]<\/p>\n","protected":false},"author":48,"featured_media":0,"parent":0,"menu_order":0,"comment_status":"closed","ping_status":"closed","template":"","meta":{"footnotes":""},"class_list":["post-88746","page","type-page","status-publish","hentry"],"_links":{"self":[{"href":"https:\/\/www.senasa.gob.pe\/senasa\/wp-json\/wp\/v2\/pages\/88746","targetHints":{"allow":["GET"]}}],"collection":[{"href":"https:\/\/www.senasa.gob.pe\/senasa\/wp-json\/wp\/v2\/pages"}],"about":[{"href":"https:\/\/www.senasa.gob.pe\/senasa\/wp-json\/wp\/v2\/types\/page"}],"author":[{"embeddable":true,"href":"https:\/\/www.senasa.gob.pe\/senasa\/wp-json\/wp\/v2\/users\/48"}],"replies":[{"embeddable":true,"href":"https:\/\/www.senasa.gob.pe\/senasa\/wp-json\/wp\/v2\/comments?post=88746"}],"version-history":[{"count":24,"href":"https:\/\/www.senasa.gob.pe\/senasa\/wp-json\/wp\/v2\/pages\/88746\/revisions"}],"predecessor-version":[{"id":92000,"href":"https:\/\/www.senasa.gob.pe\/senasa\/wp-json\/wp\/v2\/pages\/88746\/revisions\/92000"}],"wp:attachment":[{"href":"https:\/\/www.senasa.gob.pe\/senasa\/wp-json\/wp\/v2\/media?parent=88746"}],"curies":[{"name":"wp","href":"https:\/\/api.w.org\/{rel}","templated":true}]}}