{"id":88747,"date":"2024-02-09T09:59:26","date_gmt":"2024-02-09T14:59:26","guid":{"rendered":"https:\/\/www.senasa.gob.pe\/senasa\/?page_id=88747"},"modified":"2024-03-23T16:00:25","modified_gmt":"2024-03-23T21:00:25","slug":"cas-tacna-2024-ii","status":"publish","type":"page","link":"https:\/\/www.senasa.gob.pe\/senasa\/cas-tacna-2024-ii\/","title":{"rendered":"CAS TACNA  2024-II"},"content":{"rendered":"<p><a href=\"https:\/\/www.senasa.gob.pe\/senasa\/descargasarchivos\/2024\/02\/COMUNICADO-N\u00b0-014-2024-SENASA-1.pdf\"><strong><span style=\"font-family: helvetica, arial, sans-serif; font-size: 14pt;\">COMUNICADO N\u00b0014-2024-SENASA<\/span><\/strong><\/a><\/p>\n<p><a href=\"https:\/\/www.senasa.gob.pe\/senasa\/descargasarchivos\/2024\/03\/COMUNICADO-016-CRONOGRAMA-EVALUACION-DE-CONOCIMIENTOS.pdf\"><strong><span style=\"font-family: helvetica, arial, sans-serif; font-size: 14pt;\">COMUNICADO N\u00b0016-2024-SENASA<\/span><\/strong><\/a><\/p>\n<p><span style=\"font-size: 14pt;\"><strong><span style=\"font-family: helvetica, arial, sans-serif;\"><a href=\"https:\/\/www.senasa.gob.pe\/senasa\/descargasarchivos\/2024\/03\/COMUNICADO-N\u00b0022-2024-SENASA.pdf\">COMUNICADO N\u00b0 022-2024-SENASA<\/a><\/span><\/strong><\/span><\/p>\n<table style=\"width: 96.6067%; height: 546px;\">\n<tbody>\n<tr style=\"background-color: #b6f0f0; height: 46px;\">\n<td style=\"width: 7.36364%; height: 10px; text-align: center;\"><span style=\"font-family: helvetica, arial, sans-serif; font-size: 10pt;\"><strong>N\u00b0 Proceso<\/strong><\/span><\/td>\n<td style=\"width: 9.54545%; text-align: center; height: 10px;\"><span style=\"font-family: helvetica, arial, sans-serif; font-size: 10pt;\"><strong>Posiciones<\/strong><\/span><\/td>\n<td style=\"width: 10.6364%; height: 10px; text-align: center;\"><span style=\"font-family: helvetica, arial, sans-serif; font-size: 10pt;\"><strong>Puesto<\/strong><\/span><\/td>\n<td style=\"width: 5.72727%; height: 10px; text-align: center;\"><span style=\"font-family: helvetica, arial, sans-serif; font-size: 10pt;\"><strong>Bases<\/strong><\/span><\/td>\n<td style=\"width: 11.7273%; text-align: center; height: 10px;\"><span style=\"font-family: helvetica, arial, sans-serif; font-size: 10pt;\"><strong>Resultado: Cumplimiento de Requisitos M\u00ednimos<\/strong><\/span><\/td>\n<td style=\"width: 12.7273%; text-align: center; height: 10px;\"><span style=\"font-size: 10pt; font-family: helvetica, arial, sans-serif;\"><strong>Resultado: Evaluaci\u00f3n de Conocimientos<\/strong><strong><br \/>\n<\/strong><\/span><\/td>\n<td style=\"width: 9.36364%; height: 10px; text-align: center;\"><span style=\"font-family: helvetica, arial, sans-serif; font-size: 10pt;\"><strong>Resultado: Evaluaci\u00f3n curricular\u00a0<\/strong><\/span><\/td>\n<td style=\"width: 9.54545%; height: 10px; text-align: center;\"><span style=\"font-family: helvetica, arial, sans-serif; font-size: 10pt;\"><strong>Resultado: Entrevista personal\u00a0 y Final<\/strong><\/span><\/td>\n<td style=\"width: 10.6364%; height: 10px; text-align: center;\"><span style=\"font-family: helvetica, arial, sans-serif; font-size: 10pt;\"><strong>Nuevo<\/strong><\/span><\/p>\n<p><span style=\"font-family: helvetica, arial, sans-serif; font-size: 10pt;\"><strong>Cronograma<\/strong><\/span><\/td>\n<td style=\"width: 10.8182%; height: 10px; text-align: center;\"><span style=\"font-size: 10pt; font-family: helvetica, arial, sans-serif;\"><strong>Comunicado \/ Fe de erratas<\/strong><\/span><\/td>\n<\/tr>\n<tr style=\"height: 96px;\">\n<td style=\"width: 7.36364%; text-align: center; height: 96px;\" width=\"149\">374<\/td>\n<td style=\"width: 9.54545%; text-align: center; height: 96px;\" width=\"122\">1<\/td>\n<td style=\"width: 10.6364%; text-align: center; height: 96px;\" width=\"155\">Asistente intermedio en Sanidad Vegetal<\/td>\n<td style=\"width: 5.72727%; text-align: center; height: 96px;\"><span style=\"font-family: helvetica, arial, sans-serif; font-size: 10pt;\"><strong><a href=\"https:\/\/www.senasa.gob.pe\/senasa\/descargasarchivos\/2024\/02\/374-Tacna-1.pdf\"><span style=\"font-family: helvetica, arial, sans-serif; font-size: 12pt;\"><img loading=\"lazy\" decoding=\"async\" class=\" wp-image-42563 aligncenter\" src=\"https:\/\/www.senasa.gob.pe\/senasa\/descargasarchivos\/2018\/10\/pdf-1.png\" alt=\"\" width=\"48\" height=\"48\" \/><\/span><\/a><\/strong><\/span><\/td>\n<td style=\"width: 11.7273%; text-align: center; height: 96px;\"><span style=\"font-family: helvetica, arial, sans-serif; font-size: 12pt;\"><strong><span style=\"font-family: helvetica, arial, sans-serif; font-size: 10pt;\"><a href=\"https:\/\/www.senasa.gob.pe\/senasa\/descargasarchivos\/2024\/03\/PLANTILLA-N\u00b0-CAS-374-revisada.pdf\"><img loading=\"lazy\" decoding=\"async\" class=\"aligncenter wp-image-42053\" src=\"https:\/\/www.senasa.gob.pe\/senasa\/descargasarchivos\/2018\/09\/archivo-1.png\" alt=\"\" width=\"47\" height=\"47\" \/><\/a><\/span><\/strong><\/span><\/td>\n<td style=\"width: 12.7273%; text-align: center; height: 96px;\"><span style=\"font-family: helvetica, arial, sans-serif; font-size: 12pt;\"><strong><span style=\"font-family: helvetica, arial, sans-serif; font-size: 10pt;\"><a href=\"https:\/\/www.senasa.gob.pe\/senasa\/descargasarchivos\/2024\/03\/Resultados-conocimientos-374.pdf\"><img loading=\"lazy\" decoding=\"async\" class=\"aligncenter wp-image-42053\" src=\"https:\/\/www.senasa.gob.pe\/senasa\/descargasarchivos\/2018\/09\/archivo-1.png\" alt=\"\" width=\"47\" height=\"47\" \/><\/a><\/span><\/strong><\/span><\/td>\n<td style=\"width: 9.36364%; text-align: center; height: 96px;\"><span style=\"font-family: helvetica, arial, sans-serif; font-size: 10pt;\"><strong><span style=\"font-family: helvetica, arial, sans-serif; font-size: 12pt;\"><a href=\"https:\/\/www.senasa.gob.pe\/senasa\/descargasarchivos\/2024\/03\/PLANTILLA-N\u00b0-CAS-374.pdf\"><img loading=\"lazy\" decoding=\"async\" class=\"aligncenter wp-image-42053\" src=\"https:\/\/www.senasa.gob.pe\/senasa\/descargasarchivos\/2018\/09\/archivo-1.png\" alt=\"\" width=\"47\" height=\"47\" \/><\/a><\/span>\u00a0<\/strong><\/span><\/td>\n<td style=\"width: 9.54545%; text-align: center; height: 96px;\"><span style=\"font-family: helvetica, arial, sans-serif; font-size: 10pt;\"><strong> <span style=\"font-family: helvetica, arial, sans-serif; font-size: 12pt;\"><a href=\"https:\/\/www.senasa.gob.pe\/senasa\/descargasarchivos\/2024\/03\/PLANTILLA-N\u00b0-CAS-374-1.pdf\"><img loading=\"lazy\" decoding=\"async\" class=\"size-full wp-image-42056 aligncenter\" src=\"https:\/\/www.senasa.gob.pe\/senasa\/descargasarchivos\/2018\/09\/calidad.png\" alt=\"\" width=\"64\" height=\"64\" \/><\/a><\/span><\/strong><\/span><\/td>\n<td style=\"width: 10.6364%; text-align: center; height: 96px;\"><span style=\"font-family: helvetica, arial, sans-serif; font-size: 10pt;\"><strong> <a href=\"https:\/\/www.senasa.gob.pe\/senasa\/descargasarchivos\/2024\/02\/COMUNICADO-N\u00b0-014-2024-SENASA-1.pdf\"><span style=\"font-family: helvetica, arial, sans-serif; font-size: 12pt;\"><img loading=\"lazy\" decoding=\"async\" class=\" wp-image-42563 aligncenter\" src=\"https:\/\/www.senasa.gob.pe\/senasa\/descargasarchivos\/2018\/10\/pdf-1.png\" alt=\"\" width=\"48\" height=\"48\" \/><\/span><\/a><\/strong><\/span><\/td>\n<td style=\"width: 10.8182%; text-align: center; height: 96px;\"><span style=\"font-size: 10pt; font-family: helvetica, arial, sans-serif;\"><strong>\u00a0<\/strong><\/span><\/td>\n<\/tr>\n<tr style=\"height: 96px;\">\n<td style=\"width: 7.36364%; text-align: center; height: 96px;\">375<\/td>\n<td style=\"width: 9.54545%; text-align: center; height: 96px;\">1<\/td>\n<td style=\"width: 10.6364%; text-align: center; height: 96px;\" width=\"155\">Analista intermedio en Sanidad Vegetal<\/td>\n<td style=\"width: 5.72727%; height: 96px;\"><span style=\"font-family: helvetica, arial, sans-serif; font-size: 10pt;\"><strong><a href=\"https:\/\/www.senasa.gob.pe\/senasa\/descargasarchivos\/2024\/02\/375-Tacna-1.pdf\"><span style=\"font-family: helvetica, arial, sans-serif; font-size: 12pt;\"><img loading=\"lazy\" decoding=\"async\" class=\" wp-image-42563 aligncenter\" src=\"https:\/\/www.senasa.gob.pe\/senasa\/descargasarchivos\/2018\/10\/pdf-1.png\" alt=\"\" width=\"48\" height=\"48\" \/><\/span><\/a><\/strong><\/span><\/td>\n<td style=\"width: 11.7273%; height: 96px; text-align: center;\"><span style=\"font-family: helvetica, arial, sans-serif; font-size: 12pt;\"><strong><span style=\"font-family: helvetica, arial, sans-serif; font-size: 10pt;\"><a href=\"https:\/\/www.senasa.gob.pe\/senasa\/descargasarchivos\/2024\/03\/RES-REQ-MIN-375-1.pdf\"><img loading=\"lazy\" decoding=\"async\" class=\"aligncenter wp-image-42053\" src=\"https:\/\/www.senasa.gob.pe\/senasa\/descargasarchivos\/2018\/09\/archivo-1.png\" alt=\"\" width=\"47\" height=\"47\" \/><\/a><\/span><\/strong><\/span><\/td>\n<td style=\"width: 12.7273%; height: 96px;\"><span style=\"font-family: helvetica, arial, sans-serif; font-size: 12pt;\"><strong><span style=\"font-family: helvetica, arial, sans-serif; font-size: 10pt;\"><a href=\"https:\/\/www.senasa.gob.pe\/senasa\/descargasarchivos\/2024\/03\/Resultados-conocimientos-375.pdf\"><img loading=\"lazy\" decoding=\"async\" class=\"aligncenter wp-image-42053\" src=\"https:\/\/www.senasa.gob.pe\/senasa\/descargasarchivos\/2018\/09\/archivo-1.png\" alt=\"\" width=\"47\" height=\"47\" \/><\/a><\/span><\/strong><\/span><\/td>\n<td style=\"width: 9.36364%; height: 96px;\"><span style=\"font-family: helvetica, arial, sans-serif; font-size: 12pt;\"><strong><span style=\"font-family: helvetica, arial, sans-serif; font-size: 10pt;\"><a href=\"https:\/\/www.senasa.gob.pe\/senasa\/descargasarchivos\/2024\/03\/PLANTILLA-N\u00b0-CAS-375.pdf\"><img loading=\"lazy\" decoding=\"async\" class=\"aligncenter wp-image-42053\" src=\"https:\/\/www.senasa.gob.pe\/senasa\/descargasarchivos\/2018\/09\/archivo-1.png\" alt=\"\" width=\"47\" height=\"47\" \/><\/a><\/span><\/strong><\/span><\/td>\n<td style=\"width: 9.54545%; height: 96px;\"><span style=\"font-family: helvetica, arial, sans-serif; font-size: 10pt;\"><strong><span style=\"font-family: helvetica, arial, sans-serif; font-size: 12pt;\"><a href=\"https:\/\/www.senasa.gob.pe\/senasa\/descargasarchivos\/2024\/03\/res-entre-N\u00b0-CAS-375.pdf\"><img loading=\"lazy\" decoding=\"async\" class=\"size-full wp-image-42056 aligncenter\" src=\"https:\/\/www.senasa.gob.pe\/senasa\/descargasarchivos\/2018\/09\/calidad.png\" alt=\"\" width=\"64\" height=\"64\" \/><\/a><\/span><\/strong><\/span><\/td>\n<td style=\"width: 10.6364%; height: 96px;\"><span style=\"font-family: helvetica, arial, sans-serif; font-size: 10pt;\"><strong><a href=\"https:\/\/www.senasa.gob.pe\/senasa\/descargasarchivos\/2024\/02\/COMUNICADO-N\u00b0-014-2024-SENASA-1.pdf\"><span style=\"font-family: helvetica, arial, sans-serif; font-size: 12pt;\"><img loading=\"lazy\" decoding=\"async\" class=\" wp-image-42563 aligncenter\" src=\"https:\/\/www.senasa.gob.pe\/senasa\/descargasarchivos\/2018\/10\/pdf-1.png\" alt=\"\" width=\"48\" height=\"48\" \/><\/span><\/a><\/strong><\/span><\/td>\n<td style=\"width: 10.8182%; height: 96px;\"><\/td>\n<\/tr>\n<tr style=\"height: 96px;\">\n<td style=\"width: 7.36364%; text-align: center; height: 96px;\">376<\/td>\n<td style=\"width: 9.54545%; text-align: center; height: 96px;\">4<\/td>\n<td style=\"width: 10.6364%; text-align: center; height: 96px;\" width=\"155\">Analista intermedio en Sanidad Vegetal<\/td>\n<td style=\"width: 5.72727%; height: 96px;\"><span style=\"font-family: helvetica, arial, sans-serif; font-size: 10pt;\"><strong><a href=\"https:\/\/www.senasa.gob.pe\/senasa\/descargasarchivos\/2024\/02\/376-Tacna-1.pdf\"><span style=\"font-family: helvetica, arial, sans-serif; font-size: 12pt;\"><img loading=\"lazy\" decoding=\"async\" class=\" wp-image-42563 aligncenter\" src=\"https:\/\/www.senasa.gob.pe\/senasa\/descargasarchivos\/2018\/10\/pdf-1.png\" alt=\"\" width=\"48\" height=\"48\" \/><\/span><\/a><\/strong><\/span><\/td>\n<td style=\"width: 11.7273%; height: 96px;\"><span style=\"font-family: helvetica, arial, sans-serif; font-size: 12pt;\"><strong><span style=\"font-family: helvetica, arial, sans-serif; font-size: 10pt;\"><a href=\"https:\/\/www.senasa.gob.pe\/senasa\/descargasarchivos\/2024\/03\/RES-EV-REQUISITOS-MINIMOS-376.pdf\"><img loading=\"lazy\" decoding=\"async\" class=\"aligncenter wp-image-42053\" src=\"https:\/\/www.senasa.gob.pe\/senasa\/descargasarchivos\/2018\/09\/archivo-1.png\" alt=\"\" width=\"47\" height=\"47\" \/><\/a><\/span><\/strong><\/span><\/td>\n<td style=\"width: 12.7273%; height: 96px;\"><span style=\"font-family: helvetica, arial, sans-serif; font-size: 12pt;\"><strong><span style=\"font-family: helvetica, arial, sans-serif; font-size: 10pt;\"><a href=\"https:\/\/www.senasa.gob.pe\/senasa\/descargasarchivos\/2024\/03\/Resultados-conocimientos-376.pdf\"><img loading=\"lazy\" decoding=\"async\" class=\"aligncenter wp-image-42053\" src=\"https:\/\/www.senasa.gob.pe\/senasa\/descargasarchivos\/2018\/09\/archivo-1.png\" alt=\"\" width=\"47\" height=\"47\" \/><\/a><\/span><\/strong><\/span><\/td>\n<td style=\"width: 9.36364%; height: 96px;\"><span style=\"font-family: helvetica, arial, sans-serif; font-size: 12pt;\"><strong><span style=\"font-family: helvetica, arial, sans-serif; font-size: 10pt;\"><a href=\"https:\/\/www.senasa.gob.pe\/senasa\/descargasarchivos\/2024\/03\/PLANTILLA-N\u00b0-CAS-N\u00b0376.pdf\"><img loading=\"lazy\" decoding=\"async\" class=\"aligncenter wp-image-42053\" src=\"https:\/\/www.senasa.gob.pe\/senasa\/descargasarchivos\/2018\/09\/archivo-1.png\" alt=\"\" width=\"47\" height=\"47\" \/><\/a><\/span><\/strong><\/span><\/td>\n<td style=\"width: 9.54545%; height: 96px; text-align: center;\"><span style=\"font-family: helvetica, arial, sans-serif; font-size: 10pt;\"><strong><span style=\"font-family: helvetica, arial, sans-serif; font-size: 12pt;\"><a href=\"https:\/\/www.senasa.gob.pe\/senasa\/descargasarchivos\/2024\/03\/PLANTILLA-N\u00b0-CAS-N\u00b0376-1.pdf\">Desierto<img loading=\"lazy\" decoding=\"async\" class=\"size-full wp-image-42056 aligncenter\" src=\"https:\/\/www.senasa.gob.pe\/senasa\/descargasarchivos\/2018\/09\/calidad.png\" alt=\"\" width=\"64\" height=\"64\" \/><\/a><\/span><\/strong><\/span><\/td>\n<td style=\"width: 10.6364%; height: 96px;\"><span style=\"font-family: helvetica, arial, sans-serif; font-size: 10pt;\"><strong><a href=\"https:\/\/www.senasa.gob.pe\/senasa\/descargasarchivos\/2024\/02\/COMUNICADO-N\u00b0-014-2024-SENASA-1.pdf\"><span style=\"font-family: helvetica, arial, sans-serif; font-size: 12pt;\"><img loading=\"lazy\" decoding=\"async\" class=\" wp-image-42563 aligncenter\" src=\"https:\/\/www.senasa.gob.pe\/senasa\/descargasarchivos\/2018\/10\/pdf-1.png\" alt=\"\" width=\"48\" height=\"48\" \/><\/span><\/a><\/strong><\/span><\/td>\n<td style=\"width: 10.8182%; height: 96px;\"><\/td>\n<\/tr>\n<tr style=\"height: 96px;\">\n<td style=\"width: 7.36364%; text-align: center; height: 104px;\">377<\/td>\n<td style=\"width: 9.54545%; text-align: center; height: 104px;\">2<\/td>\n<td style=\"width: 10.6364%; text-align: center; height: 104px;\" width=\"155\">Asistente Intermedio en Sanidad e Inocuidad<\/td>\n<td style=\"width: 5.72727%; height: 104px;\"><span style=\"font-family: helvetica, arial, sans-serif; font-size: 10pt;\"><strong><a href=\"https:\/\/www.senasa.gob.pe\/senasa\/descargasarchivos\/2024\/02\/377-Tacna-1.pdf\"><span style=\"font-family: helvetica, arial, sans-serif; font-size: 12pt;\"><img loading=\"lazy\" decoding=\"async\" class=\" wp-image-42563 aligncenter\" src=\"https:\/\/www.senasa.gob.pe\/senasa\/descargasarchivos\/2018\/10\/pdf-1.png\" alt=\"\" width=\"48\" height=\"48\" \/><\/span><\/a><\/strong><\/span><\/td>\n<td style=\"width: 11.7273%; height: 104px;\"><span style=\"font-family: helvetica, arial, sans-serif; font-size: 12pt;\"><strong><span style=\"font-family: helvetica, arial, sans-serif; font-size: 10pt;\"><a href=\"https:\/\/www.senasa.gob.pe\/senasa\/descargasarchivos\/2024\/03\/RES-REQ-MINIMOS-377.pdf\"><img loading=\"lazy\" decoding=\"async\" class=\"aligncenter wp-image-42053\" src=\"https:\/\/www.senasa.gob.pe\/senasa\/descargasarchivos\/2018\/09\/archivo-1.png\" alt=\"\" width=\"47\" height=\"47\" \/><\/a><\/span><\/strong><\/span><\/td>\n<td style=\"width: 12.7273%; height: 104px; text-align: center;\"><span style=\"font-family: helvetica, arial, sans-serif; font-size: 12pt;\"><strong><span style=\"font-family: helvetica, arial, sans-serif; font-size: 10pt;\"><a href=\"https:\/\/www.senasa.gob.pe\/senasa\/descargasarchivos\/2024\/03\/Resultado-conocimiento-377.pdf\"><img loading=\"lazy\" decoding=\"async\" class=\"aligncenter wp-image-42053\" src=\"https:\/\/www.senasa.gob.pe\/senasa\/descargasarchivos\/2018\/09\/archivo-1.png\" alt=\"\" width=\"47\" height=\"47\" \/><\/a><\/span><\/strong><\/span><\/td>\n<td style=\"width: 9.36364%; height: 104px;\"><span style=\"font-family: helvetica, arial, sans-serif; font-size: 12pt;\"><strong><span style=\"font-family: helvetica, arial, sans-serif; font-size: 10pt;\"><a href=\"https:\/\/www.senasa.gob.pe\/senasa\/descargasarchivos\/2024\/03\/PLANTILLA-N\u00b0-CAS-N\u00b0377.pdf\"><img loading=\"lazy\" decoding=\"async\" class=\"aligncenter wp-image-42053\" src=\"https:\/\/www.senasa.gob.pe\/senasa\/descargasarchivos\/2018\/09\/archivo-1.png\" alt=\"\" width=\"47\" height=\"47\" \/><\/a><\/span><\/strong><\/span><\/td>\n<td style=\"width: 9.54545%; height: 104px;\"><span style=\"font-family: helvetica, arial, sans-serif; font-size: 10pt;\"><strong><span style=\"font-family: helvetica, arial, sans-serif; font-size: 12pt;\"><a href=\"https:\/\/www.senasa.gob.pe\/senasa\/descargasarchivos\/2024\/03\/PLANTILLA-N\u00b0-CAS-N\u00b0377-TACNA-ASISTENTE-INTERMEDIO-EN-S.V.pdf\"><img loading=\"lazy\" decoding=\"async\" class=\"size-full wp-image-42056 aligncenter\" src=\"https:\/\/www.senasa.gob.pe\/senasa\/descargasarchivos\/2018\/09\/calidad.png\" alt=\"\" width=\"64\" height=\"64\" \/><\/a><\/span><\/strong><\/span><\/td>\n<td style=\"width: 10.6364%; height: 104px;\"><span style=\"font-family: helvetica, arial, sans-serif; font-size: 10pt;\"><strong><a href=\"https:\/\/www.senasa.gob.pe\/senasa\/descargasarchivos\/2024\/02\/COMUNICADO-N\u00b0-014-2024-SENASA-1.pdf\"><span style=\"font-family: helvetica, arial, sans-serif; font-size: 12pt;\"><img loading=\"lazy\" decoding=\"async\" class=\" wp-image-42563 aligncenter\" src=\"https:\/\/www.senasa.gob.pe\/senasa\/descargasarchivos\/2018\/10\/pdf-1.png\" alt=\"\" width=\"48\" height=\"48\" \/><\/span><\/a><\/strong><\/span><\/td>\n<td style=\"width: 10.8182%; height: 104px; text-align: center;\"><span style=\"font-family: helvetica, arial, sans-serif; font-size: 10pt;\"><strong><a href=\"https:\/\/www.senasa.gob.pe\/senasa\/descargasarchivos\/2024\/03\/FE-DE-ERRATAS-CAS-N-377-TACNA.pdf\"><span style=\"font-family: helvetica, arial, sans-serif; font-size: 12pt;\">Fe de erratas<img loading=\"lazy\" decoding=\"async\" class=\" wp-image-42563 aligncenter\" src=\"https:\/\/www.senasa.gob.pe\/senasa\/descargasarchivos\/2018\/10\/pdf-1.png\" alt=\"\" width=\"48\" height=\"48\" \/><\/span><\/a><\/strong><\/span><\/td>\n<\/tr>\n<tr style=\"height: 96px;\">\n<td style=\"width: 7.36364%; text-align: center; height: 96px;\">378<\/td>\n<td style=\"width: 9.54545%; text-align: center; height: 96px;\">1<\/td>\n<td style=\"width: 10.6364%; text-align: center; height: 96px;\">\u00a0Asistente Intermedio de Inocuidad<\/td>\n<td style=\"width: 5.72727%; height: 96px;\"><span style=\"font-family: helvetica, arial, sans-serif; font-size: 10pt;\"><strong><a href=\"https:\/\/www.senasa.gob.pe\/senasa\/descargasarchivos\/2024\/02\/378-Tacna-1.pdf\"><span style=\"font-family: helvetica, arial, sans-serif; font-size: 12pt;\"><img loading=\"lazy\" decoding=\"async\" class=\" wp-image-42563 aligncenter\" src=\"https:\/\/www.senasa.gob.pe\/senasa\/descargasarchivos\/2018\/10\/pdf-1.png\" alt=\"\" width=\"48\" height=\"48\" \/><\/span><\/a><\/strong><\/span><\/td>\n<td style=\"width: 11.7273%; height: 96px;\"><span style=\"font-family: helvetica, arial, sans-serif; font-size: 12pt;\"><strong><span style=\"font-family: helvetica, arial, sans-serif; font-size: 10pt;\"><a href=\"https:\/\/www.senasa.gob.pe\/senasa\/descargasarchivos\/2024\/03\/378-CAS-II-PUBLICAR.pdf\"><img loading=\"lazy\" decoding=\"async\" class=\"aligncenter wp-image-42053\" src=\"https:\/\/www.senasa.gob.pe\/senasa\/descargasarchivos\/2018\/09\/archivo-1.png\" alt=\"\" width=\"47\" height=\"47\" \/><\/a><\/span><\/strong><\/span><\/td>\n<td style=\"width: 12.7273%; text-align: center; height: 96px;\"><span style=\"font-family: helvetica, arial, sans-serif; font-size: 12pt;\"><strong><span style=\"font-family: helvetica, arial, sans-serif; font-size: 10pt;\"><a href=\"https:\/\/www.senasa.gob.pe\/senasa\/descargasarchivos\/2024\/03\/RES.EV_.CON-CAS-378-TACNA.pdf\">\u00a0<\/a><a href=\"https:\/\/www.senasa.gob.pe\/senasa\/descargasarchivos\/2024\/03\/RES.EV_.CON-CAS-378-TACNA.pdf\">Desierto<\/a><a href=\"https:\/\/www.senasa.gob.pe\/senasa\/descargasarchivos\/2024\/03\/RES.EV_.CON-CAS-378-TACNA.pdf\"><img loading=\"lazy\" decoding=\"async\" class=\"aligncenter wp-image-42053\" src=\"https:\/\/www.senasa.gob.pe\/senasa\/descargasarchivos\/2018\/09\/archivo-1.png\" alt=\"\" width=\"47\" height=\"47\" \/><\/a><\/span><\/strong><\/span><\/td>\n<td style=\"width: 9.36364%; height: 96px;\"><span style=\"font-family: helvetica, arial, sans-serif; font-size: 12pt;\"><strong><span style=\"font-family: helvetica, arial, sans-serif; font-size: 10pt;\">\u00a0\u00a0<\/span><\/strong><\/span><\/td>\n<td style=\"width: 9.54545%; height: 96px;\"><\/td>\n<td style=\"width: 10.6364%; height: 96px;\"><span style=\"font-family: helvetica, arial, sans-serif; font-size: 10pt;\"><strong><a href=\"https:\/\/www.senasa.gob.pe\/senasa\/descargasarchivos\/2024\/02\/COMUNICADO-N\u00b0-014-2024-SENASA-1.pdf\"><span style=\"font-family: helvetica, arial, sans-serif; font-size: 12pt;\"><img loading=\"lazy\" decoding=\"async\" class=\" wp-image-42563 aligncenter\" src=\"https:\/\/www.senasa.gob.pe\/senasa\/descargasarchivos\/2018\/10\/pdf-1.png\" alt=\"\" width=\"48\" height=\"48\" \/><\/span><\/a><\/strong><\/span><\/td>\n<td style=\"width: 10.8182%; height: 96px;\"><\/td>\n<\/tr>\n<tr style=\"height: 24px;\">\n<td style=\"width: 7.36364%; text-align: center; height: 24px;\"><\/td>\n<td style=\"width: 9.54545%; text-align: center; height: 24px;\"><\/td>\n<td style=\"width: 10.6364%; height: 24px;\" width=\"155\"><\/td>\n<td style=\"width: 5.72727%; height: 24px;\"><\/td>\n<td style=\"width: 11.7273%; height: 24px;\"><\/td>\n<td style=\"width: 12.7273%; height: 24px;\"><\/td>\n<td style=\"width: 9.36364%; height: 24px;\"><\/td>\n<td style=\"width: 9.54545%; height: 24px;\"><\/td>\n<td style=\"width: 10.6364%; height: 24px;\"><\/td>\n<td style=\"width: 10.8182%; height: 24px;\"><\/td>\n<\/tr>\n<tr style=\"height: 24px;\">\n<td style=\"width: 7.36364%; text-align: center; height: 24px;\"><\/td>\n<td style=\"width: 9.54545%; text-align: center; height: 24px;\"><\/td>\n<td style=\"width: 10.6364%; height: 24px;\"><\/td>\n<td style=\"width: 5.72727%; height: 24px;\"><\/td>\n<td style=\"width: 11.7273%; height: 24px;\"><\/td>\n<td style=\"width: 12.7273%; height: 24px;\"><\/td>\n<td style=\"width: 9.36364%; height: 24px;\"><\/td>\n<td style=\"width: 9.54545%; height: 24px;\"><\/td>\n<td style=\"width: 10.6364%; height: 24px;\"><\/td>\n<td style=\"width: 10.8182%; height: 24px;\"><\/td>\n<\/tr>\n<\/tbody>\n<\/table>\n","protected":false},"excerpt":{"rendered":"<p>COMUNICADO N\u00b0014-2024-SENASA COMUNICADO N\u00b0016-2024-SENASA COMUNICADO N\u00b0 022-2024-SENASA N\u00b0 Proceso Posiciones Puesto Bases Resultado: Cumplimiento de Requisitos M\u00ednimos Resultado: Evaluaci\u00f3n de Conocimientos Resultado: Evaluaci\u00f3n curricular\u00a0 Resultado: Entrevista personal\u00a0 y Final Nuevo Cronograma Comunicado \/ Fe de erratas 374 1 Asistente intermedio en Sanidad Vegetal \u00a0 \u00a0 375 1 Analista intermedio en Sanidad Vegetal 376 4 Analista [&hellip;]<\/p>\n","protected":false},"author":48,"featured_media":0,"parent":0,"menu_order":0,"comment_status":"closed","ping_status":"closed","template":"","meta":{"footnotes":""},"class_list":["post-88747","page","type-page","status-publish","hentry"],"_links":{"self":[{"href":"https:\/\/www.senasa.gob.pe\/senasa\/wp-json\/wp\/v2\/pages\/88747","targetHints":{"allow":["GET"]}}],"collection":[{"href":"https:\/\/www.senasa.gob.pe\/senasa\/wp-json\/wp\/v2\/pages"}],"about":[{"href":"https:\/\/www.senasa.gob.pe\/senasa\/wp-json\/wp\/v2\/types\/page"}],"author":[{"embeddable":true,"href":"https:\/\/www.senasa.gob.pe\/senasa\/wp-json\/wp\/v2\/users\/48"}],"replies":[{"embeddable":true,"href":"https:\/\/www.senasa.gob.pe\/senasa\/wp-json\/wp\/v2\/comments?post=88747"}],"version-history":[{"count":36,"href":"https:\/\/www.senasa.gob.pe\/senasa\/wp-json\/wp\/v2\/pages\/88747\/revisions"}],"predecessor-version":[{"id":92009,"href":"https:\/\/www.senasa.gob.pe\/senasa\/wp-json\/wp\/v2\/pages\/88747\/revisions\/92009"}],"wp:attachment":[{"href":"https:\/\/www.senasa.gob.pe\/senasa\/wp-json\/wp\/v2\/media?parent=88747"}],"curies":[{"name":"wp","href":"https:\/\/api.w.org\/{rel}","templated":true}]}}