{"id":88766,"date":"2024-02-09T10:18:12","date_gmt":"2024-02-09T15:18:12","guid":{"rendered":"https:\/\/www.senasa.gob.pe\/senasa\/?page_id=88766"},"modified":"2024-03-24T00:53:06","modified_gmt":"2024-03-24T05:53:06","slug":"cas-vrae-2024-ii","status":"publish","type":"page","link":"https:\/\/www.senasa.gob.pe\/senasa\/cas-vrae-2024-ii\/","title":{"rendered":"CAS VRAE  2024-II"},"content":{"rendered":"<p><a href=\"https:\/\/www.senasa.gob.pe\/senasa\/descargasarchivos\/2024\/02\/COMUNICADO-N\u00b0-014-2024-SENASA-1.pdf\"><strong><span style=\"font-family: helvetica, arial, sans-serif; font-size: 14pt;\">COMUNICADO N\u00b0014-2024-SENASA<\/span><\/strong><\/a><\/p>\n<p><a href=\"https:\/\/www.senasa.gob.pe\/senasa\/descargasarchivos\/2024\/03\/COMUNICADO-016-CRONOGRAMA-EVALUACION-DE-CONOCIMIENTOS.pdf\"><strong><span style=\"font-family: helvetica, arial, sans-serif; font-size: 14pt;\">COMUNICADO N\u00b0016-2024-SENASA\u00a0<\/span><\/strong><\/a><\/p>\n<p><span style=\"font-size: 14pt;\"><strong><span style=\"font-family: helvetica, arial, sans-serif;\"><a href=\"https:\/\/www.senasa.gob.pe\/senasa\/descargasarchivos\/2024\/03\/COMUNICADO-N\u00b0022-2024-SENASA.pdf\">COMUNICADO N\u00b0 022-2024-SENASA<\/a><\/span><\/strong><\/span><\/p>\n<table style=\"width: 74.3032%;\">\n<tbody>\n<tr style=\"background-color: #b6f0f0; height: 46px;\">\n<td style=\"width: 7.39405%; height: 10px; text-align: center;\"><span style=\"font-family: helvetica, arial, sans-serif; font-size: 10pt;\"><strong>N\u00b0 Proceso<\/strong><\/span><\/td>\n<td style=\"width: 9.46799%; text-align: center; height: 10px;\"><span style=\"font-family: helvetica, arial, sans-serif; font-size: 10pt;\"><strong>Posiciones<\/strong><\/span><\/td>\n<td style=\"width: 11.0009%; height: 10px; text-align: center;\"><span style=\"font-family: helvetica, arial, sans-serif; font-size: 10pt;\"><strong>Puesto<\/strong><\/span><\/td>\n<td style=\"width: 5.77096%; height: 10px; text-align: center;\"><span style=\"font-family: helvetica, arial, sans-serif; font-size: 10pt;\"><strong>Bases<\/strong><\/span><\/td>\n<td style=\"width: 11.7223%; text-align: center; height: 10px;\"><span style=\"font-family: helvetica, arial, sans-serif; font-size: 10pt;\"><strong>Resultado: Cumplimiento de Requisitos M\u00ednimos<\/strong><\/span><\/td>\n<td style=\"width: 12.7142%; text-align: center; height: 10px;\"><span style=\"font-size: 10pt; font-family: helvetica, arial, sans-serif;\"><strong>Resultado: Evaluaci\u00f3n de Conocimientos<\/strong><strong><br \/>\n<\/strong><\/span><\/td>\n<td style=\"width: 9.28765%; height: 10px; text-align: center;\"><span style=\"font-family: helvetica, arial, sans-serif; font-size: 10pt;\"><strong>Resultado: Evaluaci\u00f3n curricular\u00a0<\/strong><\/span><\/td>\n<td style=\"width: 9.46799%; height: 10px; text-align: center;\"><span style=\"font-family: helvetica, arial, sans-serif; font-size: 10pt;\"><strong>Resultado:\u00a0 Entrevista personal y Final<\/strong><\/span><\/td>\n<td style=\"width: 10.55%; height: 10px; text-align: center;\"><span style=\"font-family: helvetica, arial, sans-serif; font-size: 10pt;\"><strong>Nuevo<\/strong><\/span><\/p>\n<p><span style=\"font-family: helvetica, arial, sans-serif; font-size: 10pt;\"><strong>Cronograma<\/strong><\/span><\/td>\n<td style=\"width: 10.7304%; height: 10px; text-align: center;\"><span style=\"font-size: 10pt; font-family: helvetica, arial, sans-serif;\"><strong>Comunicado \/ Fe de erratas<\/strong><\/span><\/td>\n<\/tr>\n<tr>\n<td style=\"width: 7.39405%; text-align: center;\" width=\"149\">388<\/td>\n<td style=\"width: 9.46799%; text-align: center;\" width=\"122\">1<\/td>\n<td style=\"width: 11.0009%; text-align: center;\" width=\"155\">Analista Intermedio en Sanidad Animal<\/td>\n<td style=\"width: 5.77096%; text-align: center; height: 51px;\"><span style=\"font-family: helvetica, arial, sans-serif; font-size: 10pt;\"><strong><a href=\"https:\/\/www.senasa.gob.pe\/senasa\/descargasarchivos\/2024\/02\/388-Vrae-1.pdf\"><span style=\"font-family: helvetica, arial, sans-serif; font-size: 12pt;\"><img loading=\"lazy\" decoding=\"async\" class=\" wp-image-42563 aligncenter\" src=\"https:\/\/www.senasa.gob.pe\/senasa\/descargasarchivos\/2018\/10\/pdf-1.png\" alt=\"\" width=\"48\" height=\"48\" \/><\/span><\/a><\/strong><\/span><\/td>\n<td style=\"width: 11.7223%; text-align: center; height: 51px;\"><span style=\"font-family: helvetica, arial, sans-serif; font-size: 12pt;\"><strong><span style=\"font-family: helvetica, arial, sans-serif; font-size: 10pt;\"><a href=\"https:\/\/www.senasa.gob.pe\/senasa\/descargasarchivos\/2024\/03\/388.pdf\">Desierto<br \/>\n<img loading=\"lazy\" decoding=\"async\" class=\"aligncenter wp-image-42053\" src=\"https:\/\/www.senasa.gob.pe\/senasa\/descargasarchivos\/2018\/09\/archivo-1.png\" alt=\"\" width=\"47\" height=\"47\" \/><\/a><\/span><\/strong><\/span><\/td>\n<td style=\"width: 12.7142%; text-align: center; height: 51px;\"><\/td>\n<td style=\"width: 9.28765%; text-align: center; height: 51px;\"><span style=\"font-family: helvetica, arial, sans-serif; font-size: 10pt;\"><strong>\u00a0<\/strong><\/span><\/td>\n<td style=\"width: 9.46799%; text-align: center; height: 51px;\"><span style=\"font-family: helvetica, arial, sans-serif; font-size: 10pt;\"><strong>\u00a0<\/strong><\/span><\/td>\n<td style=\"width: 10.55%; text-align: center; height: 51px;\"><span style=\"font-family: helvetica, arial, sans-serif; font-size: 10pt;\"><strong> <a href=\"https:\/\/www.senasa.gob.pe\/senasa\/descargasarchivos\/2024\/02\/COMUNICADO-N\u00b0-014-2024-SENASA-1.pdf\"><span style=\"font-family: helvetica, arial, sans-serif; font-size: 12pt;\"><img loading=\"lazy\" decoding=\"async\" class=\" wp-image-42563 aligncenter\" src=\"https:\/\/www.senasa.gob.pe\/senasa\/descargasarchivos\/2018\/10\/pdf-1.png\" alt=\"\" width=\"48\" height=\"48\" \/><\/span><\/a><\/strong><\/span><\/td>\n<td style=\"width: 10.7304%; text-align: center; height: 51px;\"><span style=\"font-size: 10pt; font-family: helvetica, arial, sans-serif;\"><strong>\u00a0<\/strong><\/span><\/td>\n<\/tr>\n<tr>\n<td style=\"width: 7.39405%; text-align: center;\">389<\/td>\n<td style=\"width: 9.46799%; text-align: center;\">1<\/td>\n<td style=\"width: 11.0009%; text-align: center;\">Asistente Administrativo Intermedio<\/td>\n<td style=\"width: 5.77096%; height: 41px;\"><span style=\"font-family: helvetica, arial, sans-serif; font-size: 10pt;\"><strong><a href=\"https:\/\/www.senasa.gob.pe\/senasa\/descargasarchivos\/2024\/02\/389-Vrae-1.pdf\"><span style=\"font-family: helvetica, arial, sans-serif; font-size: 12pt;\"><img loading=\"lazy\" decoding=\"async\" class=\" wp-image-42563 aligncenter\" src=\"https:\/\/www.senasa.gob.pe\/senasa\/descargasarchivos\/2018\/10\/pdf-1.png\" alt=\"\" width=\"48\" height=\"48\" \/><\/span><\/a><\/strong><\/span><\/td>\n<td style=\"width: 11.7223%; height: 41px; text-align: center;\"><span style=\"font-family: helvetica, arial, sans-serif; font-size: 12pt;\"><strong><span style=\"font-family: helvetica, arial, sans-serif; font-size: 10pt;\"> <a href=\"https:\/\/www.senasa.gob.pe\/senasa\/descargasarchivos\/2024\/03\/res-CAS-II-389.pdf\"><img loading=\"lazy\" decoding=\"async\" class=\"aligncenter wp-image-42053\" src=\"https:\/\/www.senasa.gob.pe\/senasa\/descargasarchivos\/2018\/09\/archivo-1.png\" alt=\"\" width=\"47\" height=\"47\" \/><\/a><\/span><\/strong><\/span><\/td>\n<td style=\"width: 12.7142%; height: 41px;\"><span style=\"font-family: helvetica, arial, sans-serif; font-size: 12pt;\"><strong><span style=\"font-family: helvetica, arial, sans-serif; font-size: 10pt;\"><a href=\"https:\/\/www.senasa.gob.pe\/senasa\/descargasarchivos\/2024\/03\/Resultados-de-conocimientos-389.pdf\"><img loading=\"lazy\" decoding=\"async\" class=\"aligncenter wp-image-42053\" src=\"https:\/\/www.senasa.gob.pe\/senasa\/descargasarchivos\/2018\/09\/archivo-1.png\" alt=\"\" width=\"47\" height=\"47\" \/><\/a><\/span><\/strong><\/span><\/td>\n<td style=\"width: 9.28765%; height: 41px;\"><span style=\"font-family: helvetica, arial, sans-serif; font-size: 12pt;\"><strong><span style=\"font-family: helvetica, arial, sans-serif; font-size: 10pt;\"><a href=\"https:\/\/www.senasa.gob.pe\/senasa\/descargasarchivos\/2024\/03\/PLANTILLA-N\u00b0-CAS-389.pdf\"><img loading=\"lazy\" decoding=\"async\" class=\"aligncenter wp-image-42053\" src=\"https:\/\/www.senasa.gob.pe\/senasa\/descargasarchivos\/2018\/09\/archivo-1.png\" alt=\"\" width=\"47\" height=\"47\" \/><\/a><\/span><\/strong><\/span><\/td>\n<td style=\"width: 9.46799%; height: 41px;\"><span style=\"font-family: helvetica, arial, sans-serif; font-size: 10pt;\"><strong><span style=\"font-family: helvetica, arial, sans-serif; font-size: 12pt;\"><a href=\"https:\/\/www.senasa.gob.pe\/senasa\/descargasarchivos\/2024\/03\/PLANTILLA-N\u00b0-CAS-389-1.pdf\"><img loading=\"lazy\" decoding=\"async\" class=\"size-full wp-image-42056 aligncenter\" src=\"https:\/\/www.senasa.gob.pe\/senasa\/descargasarchivos\/2018\/09\/calidad.png\" alt=\"\" width=\"64\" height=\"64\" \/><\/a><\/span><\/strong><\/span><\/td>\n<td style=\"width: 10.55%; height: 41px;\"><span style=\"font-family: helvetica, arial, sans-serif; font-size: 10pt;\"><strong><a href=\"https:\/\/www.senasa.gob.pe\/senasa\/descargasarchivos\/2024\/02\/COMUNICADO-N\u00b0-014-2024-SENASA-1.pdf\"><span style=\"font-family: helvetica, arial, sans-serif; font-size: 12pt;\"><img loading=\"lazy\" decoding=\"async\" class=\" wp-image-42563 aligncenter\" src=\"https:\/\/www.senasa.gob.pe\/senasa\/descargasarchivos\/2018\/10\/pdf-1.png\" alt=\"\" width=\"48\" height=\"48\" \/><\/span><\/a><\/strong><\/span><\/td>\n<td style=\"width: 10.7304%; height: 41px; text-align: center;\"><span style=\"font-family: helvetica, arial, sans-serif; font-size: 10pt;\"><strong><a href=\"https:\/\/www.senasa.gob.pe\/senasa\/descargasarchivos\/2024\/03\/FE-DE-ERRATAS-CAS-N-389-2024-SENASA-VRAE.pdf\"><span style=\"font-family: helvetica, arial, sans-serif; font-size: 12pt;\">Fe de erratas<img loading=\"lazy\" decoding=\"async\" class=\" wp-image-42563 aligncenter\" src=\"https:\/\/www.senasa.gob.pe\/senasa\/descargasarchivos\/2018\/10\/pdf-1.png\" alt=\"\" width=\"48\" height=\"48\" \/><\/span><\/a><\/strong><\/span><\/td>\n<\/tr>\n<tr>\n<td style=\"width: 7.39405%; text-align: center;\">390<\/td>\n<td style=\"width: 9.46799%; text-align: center;\">1<\/td>\n<td style=\"width: 11.0009%; text-align: center;\">T\u00e9cnico Agropecuario<\/td>\n<td style=\"width: 5.77096%; height: 12px;\"><span style=\"font-family: helvetica, arial, sans-serif; font-size: 10pt;\"><strong><a href=\"https:\/\/www.senasa.gob.pe\/senasa\/descargasarchivos\/2024\/02\/390-Vrae-2.pdf\"><span style=\"font-family: helvetica, arial, sans-serif; font-size: 12pt;\"><img loading=\"lazy\" decoding=\"async\" class=\" wp-image-42563 aligncenter\" src=\"https:\/\/www.senasa.gob.pe\/senasa\/descargasarchivos\/2018\/10\/pdf-1.png\" alt=\"\" width=\"48\" height=\"48\" \/><\/span><\/a><\/strong><\/span><\/td>\n<td style=\"width: 11.7223%; height: 12px;\"><span style=\"font-family: helvetica, arial, sans-serif; font-size: 12pt;\"><strong><span style=\"font-family: helvetica, arial, sans-serif; font-size: 10pt;\"><a href=\"https:\/\/www.senasa.gob.pe\/senasa\/descargasarchivos\/2024\/03\/2.-Resultados-390-Evaluacion-de-Fichas.pdf\"><img loading=\"lazy\" decoding=\"async\" class=\"aligncenter wp-image-42053\" src=\"https:\/\/www.senasa.gob.pe\/senasa\/descargasarchivos\/2018\/09\/archivo-1.png\" alt=\"\" width=\"47\" height=\"47\" \/><\/a><\/span><\/strong><\/span><\/td>\n<td style=\"width: 12.7142%; height: 12px;\"><span style=\"font-family: helvetica, arial, sans-serif; font-size: 12pt;\"><strong><span style=\"font-family: helvetica, arial, sans-serif; font-size: 10pt;\"><a href=\"https:\/\/www.senasa.gob.pe\/senasa\/descargasarchivos\/2024\/03\/1.-PLANTILLA-N\u00b0-390-CAS-II.pdf\"><img loading=\"lazy\" decoding=\"async\" class=\"aligncenter wp-image-42053\" src=\"https:\/\/www.senasa.gob.pe\/senasa\/descargasarchivos\/2018\/09\/archivo-1.png\" alt=\"\" width=\"47\" height=\"47\" \/><\/a><\/span><\/strong><\/span><\/td>\n<td style=\"width: 9.28765%; height: 12px;\"><span style=\"font-family: helvetica, arial, sans-serif; font-size: 12pt;\"><strong><span style=\"font-family: helvetica, arial, sans-serif; font-size: 10pt;\"><a href=\"https:\/\/www.senasa.gob.pe\/senasa\/descargasarchivos\/2024\/03\/1.-PLANTILLA-N\u00b0-390-CAS-II-1.pdf\"><img loading=\"lazy\" decoding=\"async\" class=\"aligncenter wp-image-42053\" src=\"https:\/\/www.senasa.gob.pe\/senasa\/descargasarchivos\/2018\/09\/archivo-1.png\" alt=\"\" width=\"47\" height=\"47\" \/><\/a><\/span><\/strong><\/span><\/td>\n<td style=\"width: 9.46799%; height: 12px;\"><span style=\"font-family: helvetica, arial, sans-serif; font-size: 10pt;\"><strong><span style=\"font-family: helvetica, arial, sans-serif; font-size: 12pt;\"><a href=\"https:\/\/www.senasa.gob.pe\/senasa\/descargasarchivos\/2024\/03\/RES-ENTREVISTA-N-390-CAS-II.pdf\"><img loading=\"lazy\" decoding=\"async\" class=\"size-full wp-image-42056 aligncenter\" src=\"https:\/\/www.senasa.gob.pe\/senasa\/descargasarchivos\/2018\/09\/calidad.png\" alt=\"\" width=\"64\" height=\"64\" \/><\/a><\/span><\/strong><\/span><\/td>\n<td style=\"width: 10.55%; height: 12px;\"><span style=\"font-family: helvetica, arial, sans-serif; font-size: 10pt;\"><strong><a href=\"https:\/\/www.senasa.gob.pe\/senasa\/descargasarchivos\/2024\/02\/COMUNICADO-N\u00b0-014-2024-SENASA-1.pdf\"><span style=\"font-family: helvetica, arial, sans-serif; font-size: 12pt;\"><img loading=\"lazy\" decoding=\"async\" class=\" wp-image-42563 aligncenter\" src=\"https:\/\/www.senasa.gob.pe\/senasa\/descargasarchivos\/2018\/10\/pdf-1.png\" alt=\"\" width=\"48\" height=\"48\" \/><\/span><\/a><\/strong><\/span><\/td>\n<td style=\"width: 10.7304%; height: 12px;\"><\/td>\n<\/tr>\n<tr>\n<td style=\"width: 7.39405%; text-align: center;\">391<\/td>\n<td style=\"width: 9.46799%; text-align: center;\">1<\/td>\n<td style=\"width: 11.0009%; text-align: center;\" width=\"155\">Analista intermedio en Sanidad Vegetal<\/td>\n<td style=\"width: 5.77096%; height: 10px;\"><span style=\"font-family: helvetica, arial, sans-serif; font-size: 10pt;\"><strong><a href=\"https:\/\/www.senasa.gob.pe\/senasa\/descargasarchivos\/2024\/02\/391-Vrae-1.pdf\"><span style=\"font-family: helvetica, arial, sans-serif; font-size: 12pt;\"><img loading=\"lazy\" decoding=\"async\" class=\" wp-image-42563 aligncenter\" src=\"https:\/\/www.senasa.gob.pe\/senasa\/descargasarchivos\/2018\/10\/pdf-1.png\" alt=\"\" width=\"48\" height=\"48\" \/><\/span><\/a><\/strong><\/span><\/td>\n<td style=\"width: 11.7223%; height: 10px;\"><span style=\"font-family: helvetica, arial, sans-serif; font-size: 12pt;\"><strong><span style=\"font-family: helvetica, arial, sans-serif; font-size: 10pt;\"><a href=\"https:\/\/www.senasa.gob.pe\/senasa\/descargasarchivos\/2024\/03\/RES-REQ-MINIMOS-391.pdf\"><img loading=\"lazy\" decoding=\"async\" class=\"aligncenter wp-image-42053\" src=\"https:\/\/www.senasa.gob.pe\/senasa\/descargasarchivos\/2018\/09\/archivo-1.png\" alt=\"\" width=\"47\" height=\"47\" \/><\/a><\/span><\/strong><\/span><\/td>\n<td style=\"width: 12.7142%; height: 10px; text-align: center;\"><span style=\"font-family: helvetica, arial, sans-serif; font-size: 12pt;\"><strong><span style=\"font-family: helvetica, arial, sans-serif; font-size: 10pt;\"><a href=\"https:\/\/www.senasa.gob.pe\/senasa\/descargasarchivos\/2024\/03\/Resultados-conocimientos-391.pdf\"><img loading=\"lazy\" decoding=\"async\" class=\"aligncenter wp-image-42053\" src=\"https:\/\/www.senasa.gob.pe\/senasa\/descargasarchivos\/2018\/09\/archivo-1.png\" alt=\"\" width=\"47\" height=\"47\" \/><\/a><\/span><\/strong><\/span><\/td>\n<td style=\"width: 9.28765%; height: 10px;\"><span style=\"font-family: helvetica, arial, sans-serif; font-size: 12pt;\"><strong><span style=\"font-family: helvetica, arial, sans-serif; font-size: 10pt;\"><a href=\"https:\/\/www.senasa.gob.pe\/senasa\/descargasarchivos\/2024\/03\/PLANTILLA-N\u00b0-CAS-N\u00b0391.pdf\"><img loading=\"lazy\" decoding=\"async\" class=\"aligncenter wp-image-42053\" src=\"https:\/\/www.senasa.gob.pe\/senasa\/descargasarchivos\/2018\/09\/archivo-1.png\" alt=\"\" width=\"47\" height=\"47\" \/><\/a><\/span><\/strong><\/span><\/td>\n<td style=\"width: 9.46799%; height: 10px;\"><span style=\"font-family: helvetica, arial, sans-serif; font-size: 10pt;\"><strong><span style=\"font-family: helvetica, arial, sans-serif; font-size: 12pt;\"> <a href=\"https:\/\/www.senasa.gob.pe\/senasa\/descargasarchivos\/2024\/03\/RES-FINAL-N\u00b0-CAS-N\u00b0391-VRAE.pdf\"><img loading=\"lazy\" decoding=\"async\" class=\"size-full wp-image-42056 aligncenter\" src=\"https:\/\/www.senasa.gob.pe\/senasa\/descargasarchivos\/2018\/09\/calidad.png\" alt=\"\" width=\"64\" height=\"64\" \/><\/a><\/span><\/strong><\/span><\/td>\n<td style=\"width: 10.55%; height: 10px;\"><span style=\"font-family: helvetica, arial, sans-serif; font-size: 10pt;\"><strong><a href=\"https:\/\/www.senasa.gob.pe\/senasa\/descargasarchivos\/2024\/02\/COMUNICADO-N\u00b0-014-2024-SENASA-1.pdf\"><span style=\"font-family: helvetica, arial, sans-serif; font-size: 12pt;\"><img loading=\"lazy\" decoding=\"async\" class=\" wp-image-42563 aligncenter\" src=\"https:\/\/www.senasa.gob.pe\/senasa\/descargasarchivos\/2018\/10\/pdf-1.png\" alt=\"\" width=\"48\" height=\"48\" \/><\/span><\/a><\/strong><\/span><\/td>\n<td style=\"width: 10.7304%; height: 10px;\"><\/td>\n<\/tr>\n<tr style=\"height: 24px;\">\n<td style=\"width: 7.39405%; text-align: center; height: 24px;\"><\/td>\n<td style=\"width: 9.46799%; text-align: center; height: 24px;\"><\/td>\n<td style=\"width: 11.0009%; height: 24px;\" width=\"155\"><\/td>\n<td style=\"width: 5.77096%; height: 24px;\"><\/td>\n<td style=\"width: 11.7223%; height: 24px;\"><\/td>\n<td style=\"width: 12.7142%; text-align: center; height: 24px;\"><\/td>\n<td style=\"width: 9.28765%; height: 24px;\"><\/td>\n<td style=\"width: 9.46799%; height: 24px;\"><\/td>\n<td style=\"width: 10.55%; height: 24px;\"><\/td>\n<td style=\"width: 10.7304%; height: 24px;\"><\/td>\n<\/tr>\n<tr style=\"height: 24px;\">\n<td style=\"width: 7.39405%; text-align: center; height: 24px;\"><\/td>\n<td style=\"width: 9.46799%; text-align: center; height: 24px;\"><\/td>\n<td style=\"width: 11.0009%; height: 24px;\" width=\"155\"><\/td>\n<td style=\"width: 5.77096%; height: 24px;\"><\/td>\n<td style=\"width: 11.7223%; height: 24px;\"><\/td>\n<td style=\"width: 12.7142%; height: 24px;\"><\/td>\n<td style=\"width: 9.28765%; height: 24px;\"><\/td>\n<td style=\"width: 9.46799%; height: 24px;\"><\/td>\n<td style=\"width: 10.55%; height: 24px;\"><\/td>\n<td style=\"width: 10.7304%; height: 24px;\"><\/td>\n<\/tr>\n<tr style=\"height: 24px;\">\n<td style=\"width: 7.39405%; text-align: center; height: 24px;\"><\/td>\n<td style=\"width: 9.46799%; text-align: center; height: 24px;\"><\/td>\n<td style=\"width: 11.0009%; height: 24px;\"><\/td>\n<td style=\"width: 5.77096%; height: 24px;\"><\/td>\n<td style=\"width: 11.7223%; height: 24px;\"><\/td>\n<td style=\"width: 12.7142%; height: 24px;\"><\/td>\n<td style=\"width: 9.28765%; height: 24px;\"><\/td>\n<td style=\"width: 9.46799%; height: 24px;\"><\/td>\n<td style=\"width: 10.55%; height: 24px;\"><\/td>\n<td style=\"width: 10.7304%; height: 24px;\"><\/td>\n<\/tr>\n<\/tbody>\n<\/table>\n","protected":false},"excerpt":{"rendered":"<p>COMUNICADO N\u00b0014-2024-SENASA COMUNICADO N\u00b0016-2024-SENASA\u00a0 COMUNICADO N\u00b0 022-2024-SENASA N\u00b0 Proceso Posiciones Puesto Bases Resultado: Cumplimiento de Requisitos M\u00ednimos Resultado: Evaluaci\u00f3n de Conocimientos Resultado: Evaluaci\u00f3n curricular\u00a0 Resultado:\u00a0 Entrevista personal y Final Nuevo Cronograma Comunicado \/ Fe de erratas 388 1 Analista Intermedio en Sanidad Animal Desierto \u00a0 \u00a0 \u00a0 389 1 Asistente Administrativo Intermedio Fe de erratas [&hellip;]<\/p>\n","protected":false},"author":48,"featured_media":0,"parent":0,"menu_order":0,"comment_status":"closed","ping_status":"closed","template":"","meta":{"footnotes":""},"class_list":["post-88766","page","type-page","status-publish","hentry"],"_links":{"self":[{"href":"https:\/\/www.senasa.gob.pe\/senasa\/wp-json\/wp\/v2\/pages\/88766","targetHints":{"allow":["GET"]}}],"collection":[{"href":"https:\/\/www.senasa.gob.pe\/senasa\/wp-json\/wp\/v2\/pages"}],"about":[{"href":"https:\/\/www.senasa.gob.pe\/senasa\/wp-json\/wp\/v2\/types\/page"}],"author":[{"embeddable":true,"href":"https:\/\/www.senasa.gob.pe\/senasa\/wp-json\/wp\/v2\/users\/48"}],"replies":[{"embeddable":true,"href":"https:\/\/www.senasa.gob.pe\/senasa\/wp-json\/wp\/v2\/comments?post=88766"}],"version-history":[{"count":32,"href":"https:\/\/www.senasa.gob.pe\/senasa\/wp-json\/wp\/v2\/pages\/88766\/revisions"}],"predecessor-version":[{"id":92061,"href":"https:\/\/www.senasa.gob.pe\/senasa\/wp-json\/wp\/v2\/pages\/88766\/revisions\/92061"}],"wp:attachment":[{"href":"https:\/\/www.senasa.gob.pe\/senasa\/wp-json\/wp\/v2\/media?parent=88766"}],"curies":[{"name":"wp","href":"https:\/\/api.w.org\/{rel}","templated":true}]}}