{"id":96047,"date":"2024-08-04T19:04:37","date_gmt":"2024-08-05T00:04:37","guid":{"rendered":"https:\/\/www.senasa.gob.pe\/senasa\/?page_id=96047"},"modified":"2024-10-03T09:31:15","modified_gmt":"2024-10-03T14:31:15","slug":"concluidos","status":"publish","type":"page","link":"https:\/\/www.senasa.gob.pe\/senasa\/concluidos\/","title":{"rendered":"CONCLUIDOS"},"content":{"rendered":"<ul>\n<li><a href=\"https:\/\/www.senasa.gob.pe\/senasa\/convocatoria1-3\/\"><span style=\"font-family: helvetica, arial, sans-serif; font-size: 10pt;\">AVISO DE CONVOCATORIA TECNICO CIN<\/span><\/a><\/li>\n<li><a href=\"https:\/\/www.senasa.gob.pe\/senasa\/convocatoria2\/\"><span style=\"font-family: helvetica, arial, sans-serif; font-size: 10pt;\">AVISO DE CONVOCATORIA REVISI\u00d3N DE TRAMPAS<\/span><\/a><\/li>\n<li><a href=\"https:\/\/www.senasa.gob.pe\/senasa\/convocatoria3\/\"><span style=\"font-family: helvetica, arial, sans-serif; font-size: 10pt;\">AVISO DE CONVOCATORIA AUXILIARES DE CAMPO<\/span><\/a><\/li>\n<li><a href=\"https:\/\/www.senasa.gob.pe\/senasa\/convocatoria4\/\"><span style=\"font-family: helvetica, arial, sans-serif; font-size: 10pt;\">AVISO DE CONVOCATORIA TECNICO-INSPECCION Y CERTIFICACI\u00d3N EN MERCADOS<\/span><\/a><\/li>\n<\/ul>\n<p><span style=\"font-family: helvetica, arial, sans-serif;\">CONVOCATORIA AUXILIAR DE CAMPO,TECNICO CIN Y CONDUCCI\u00d3N VEHICULAR<\/span><\/p>\n<ul>\n<li><a href=\"https:\/\/www.senasa.gob.pe\/senasa\/convocatoria1-5\/\"><span style=\"font-family: helvetica, arial, sans-serif; font-size: 10pt;\">AVISO DE CONVOCATORIA-AUXILIAR DE CAMPO<\/span><\/a>\n<ul>\n<li><a href=\"https:\/\/www.senasa.gob.pe\/senasa\/resultadotecnico\/\"><span style=\"font-family: helvetica, arial, sans-serif; font-size: 10pt;\">RESULTADO<\/span><\/a><\/li>\n<\/ul>\n<\/li>\n<li><a href=\"https:\/\/www.senasa.gob.pe\/senasa\/convocatoria2-2\/\"><span style=\"font-family: helvetica, arial, sans-serif; font-size: 10pt;\">AVISO DE CONVOCATORIA TECNICO CIN<\/span><\/a>\n<ul>\n<li><a href=\"https:\/\/www.senasa.gob.pe\/senasa\/resultadotecnicocin\/\"><span style=\"font-family: helvetica, arial, sans-serif; font-size: 10pt;\">RESULTADO<\/span><\/a><\/li>\n<\/ul>\n<\/li>\n<li><a href=\"https:\/\/www.senasa.gob.pe\/senasa\/convocatoria3-2\/\"><span style=\"font-family: helvetica, arial, sans-serif; font-size: 10pt;\">AVISO DE CONVOCATORIA-CONDUCCI\u00d3N VEHICULAR<\/span><\/a>\n<ul>\n<li><a href=\"https:\/\/www.senasa.gob.pe\/senasa\/resultadoconduccion\/\"><span style=\"font-family: helvetica, arial, sans-serif; font-size: 10pt;\">RESULTADO<\/span><\/a><\/li>\n<\/ul>\n<\/li>\n<li><a href=\"https:\/\/www.senasa.gob.pe\/senasa\/convocatoria-pcc\/\"><span style=\"font-family: helvetica, arial, sans-serif; font-size: 10pt;\">1. CONVOCATORIA T\u00c9CNICO DE PUESTO DE CONTROL<\/span><\/a>\n<ul>\n<li><a href=\"https:\/\/www.senasa.gob.pe\/senasa\/resultado-puesto-de-control\/\"><span style=\"font-family: helvetica, arial, sans-serif; font-size: 10pt;\">RESULTADO<\/span><\/a><\/li>\n<\/ul>\n<\/li>\n<li><a href=\"https:\/\/www.senasa.gob.pe\/senasa\/convocatoria-auxiliar\/\"><span style=\"font-family: helvetica, arial, sans-serif; font-size: 10pt;\">2. CONVOCATORIA AUXILIARES PUESTO DE CONTROL<\/span><\/a>\n<ul>\n<li><a href=\"https:\/\/www.senasa.gob.pe\/senasa\/resultado-auxiliares-pcc\/\"><span style=\"font-family: helvetica, arial, sans-serif; font-size: 10pt;\">RESULTADO<\/span><\/a><\/li>\n<\/ul>\n<\/li>\n<li><a href=\"https:\/\/www.senasa.gob.pe\/senasa\/convocatoria-auxiliares-2\/\"><span style=\"font-family: helvetica, arial, sans-serif; font-size: 10pt;\">3. CONVOCATORIA-AUXILIAR PARA CENTRO DE PRODUCCI\u00d3N DE MOSCA DE LA FRUTA<\/span><\/a>\n<ul>\n<li><a href=\"https:\/\/www.senasa.gob.pe\/senasa\/resultado-auxialiar-de-campo\/\"><span style=\"font-family: helvetica, arial, sans-serif; font-size: 10pt;\">RESULTADO<\/span><\/a><\/li>\n<\/ul>\n<\/li>\n<li><a href=\"https:\/\/www.senasa.gob.pe\/senasa\/convocatoria-tecnico\/\"><span style=\"font-family: helvetica, arial, sans-serif; font-size: 10pt;\">4. CONVOCATORIA-TECNICO MANT. PARA CENTRO DE PRODUCCI\u00d3N DE MOSCA DE LA FRUTA<\/span><\/a>\n<ul>\n<li><a href=\"https:\/\/www.senasa.gob.pe\/senasa\/resultado-centro-de-produccion\/\"><span style=\"font-family: helvetica, arial, sans-serif; font-size: 10pt;\">RESULTADO<\/span><\/a><\/li>\n<\/ul>\n<\/li>\n<li><a href=\"https:\/\/www.senasa.gob.pe\/senasa\/convocatoria-cpmf\/\"><span style=\"font-family: helvetica, arial, sans-serif; font-size: 10pt;\">5. CONTRATACI\u00d3N DE SIETE (07) T\u00c9CNICOS PARA EL CPMF<\/span><\/a>\n<ul>\n<li><a href=\"https:\/\/www.senasa.gob.pe\/senasa\/resultado-tecnicos\/\"><span style=\"font-family: helvetica, arial, sans-serif; font-size: 10pt;\">RESULTADO<\/span><\/a><\/li>\n<\/ul>\n<\/li>\n<li><a href=\"https:\/\/www.senasa.gob.pe\/senasa\/convocatoria-supervision\/\"><span style=\"font-family: helvetica, arial, sans-serif; font-size: 10pt;\">6. CONTRATACI\u00d3N DE UN (01) SERVICIO PARA LA SUPERVISI\u00d3N DE ACTIVIDADES DEL CPMF<\/span><\/a>\n<ul>\n<li><a href=\"https:\/\/www.senasa.gob.pe\/senasa\/resultado-supervision\/\"><span style=\"font-family: helvetica, arial, sans-serif; font-size: 10pt;\">RESULTADO<\/span><\/a><\/li>\n<\/ul>\n<\/li>\n<li><a href=\"https:\/\/www.senasa.gob.pe\/senasa\/convocatoria-auxiliares-de-campo\/\"><span style=\"font-family: helvetica, arial, sans-serif; font-size: 10pt;\">7. CONVOCATORIA-AUXILIARES DE CAMPO<\/span><\/a>\n<ul>\n<li><a href=\"https:\/\/www.senasa.gob.pe\/senasa\/resultado-auxiliares\/\"><span style=\"font-family: helvetica, arial, sans-serif; font-size: 10pt;\">RESULTADO<\/span><\/a><\/li>\n<\/ul>\n<\/li>\n<li><a href=\"https:\/\/www.senasa.gob.pe\/senasa\/convocatoria-auxiliar-para-puesto-de-control\/\"><span style=\"font-family: helvetica, arial, sans-serif; font-size: 10pt;\">8. CONVOCATORIA-REVISOR DE TRAMPAS<\/span><\/a><\/li>\n<li><a href=\"https:\/\/www.senasa.gob.pe\/senasa\/convocatoria-auxiliar-para-puesto-de-control-2\/\"><span style=\"font-family: helvetica, arial, sans-serif; font-size: 10pt;\">9. CONVOCATORIA-AUXILIAR CONTROL INTEGRADO<\/span><\/a><\/li>\n<li><a href=\"https:\/\/www.senasa.gob.pe\/senasa\/convocatoria-revisor-de-trampas\/\"><span style=\"font-family: helvetica, arial, sans-serif; font-size: 10pt;\">10. CONVOCATORIA-REVISOR DE TRAMPAS<\/span><\/a><\/li>\n<li><a href=\"https:\/\/www.senasa.gob.pe\/senasa\/convocatoria-auxiliar-de-campo\/\"><span style=\"font-family: helvetica, arial, sans-serif; font-size: 10pt;\">11. CONVOCATORIA-AUXILIAR DE CAMPO<\/span><\/a><\/li>\n<li><a href=\"https:\/\/www.senasa.gob.pe\/senasa\/convocatoria-auxiliar-de-campo-2\/\"><span style=\"font-family: helvetica, arial, sans-serif; font-size: 10pt;\">12. CONVOCATORIA-AUXILIAR DE CAMPO<\/span><\/a>\n<ul>\n<li><a href=\"https:\/\/www.senasa.gob.pe\/senasa\/descargasarchivos\/2024\/09\/LISTA-DE-RESULTADOS-AUXILIARES-DE-CAMPO.pdf\"><span style=\"font-family: helvetica, arial, sans-serif; font-size: 10pt;\">RESULTADOS LISTA DE RESULTADOS-AUXILIARES DE CAMPO<\/span><\/a><\/li>\n<li><a href=\"https:\/\/www.senasa.gob.pe\/senasa\/descargasarchivos\/2024\/09\/LISTA-DE-RESULTADOS-REVISOR-DE-TRAMPAS.pdf\"><span style=\"font-family: helvetica, arial, sans-serif; font-size: 10pt;\">RESULTADOS LISTA DE RESULTADOS-REVISOR DE TRAMPAS<\/span><\/a><\/li>\n<\/ul>\n<\/li>\n<li><\/li>\n<\/ul>\n","protected":false},"excerpt":{"rendered":"<p>AVISO DE CONVOCATORIA TECNICO CIN AVISO DE CONVOCATORIA REVISI\u00d3N DE TRAMPAS AVISO DE CONVOCATORIA AUXILIARES DE CAMPO AVISO DE CONVOCATORIA TECNICO-INSPECCION Y CERTIFICACI\u00d3N EN MERCADOS CONVOCATORIA AUXILIAR DE CAMPO,TECNICO CIN Y CONDUCCI\u00d3N VEHICULAR AVISO DE CONVOCATORIA-AUXILIAR DE CAMPO RESULTADO AVISO DE CONVOCATORIA TECNICO CIN RESULTADO AVISO DE CONVOCATORIA-CONDUCCI\u00d3N VEHICULAR RESULTADO 1. CONVOCATORIA T\u00c9CNICO DE PUESTO [&hellip;]<\/p>\n","protected":false},"author":51,"featured_media":0,"parent":0,"menu_order":0,"comment_status":"closed","ping_status":"closed","template":"","meta":{"footnotes":""},"class_list":["post-96047","page","type-page","status-publish","hentry"],"_links":{"self":[{"href":"https:\/\/www.senasa.gob.pe\/senasa\/wp-json\/wp\/v2\/pages\/96047","targetHints":{"allow":["GET"]}}],"collection":[{"href":"https:\/\/www.senasa.gob.pe\/senasa\/wp-json\/wp\/v2\/pages"}],"about":[{"href":"https:\/\/www.senasa.gob.pe\/senasa\/wp-json\/wp\/v2\/types\/page"}],"author":[{"embeddable":true,"href":"https:\/\/www.senasa.gob.pe\/senasa\/wp-json\/wp\/v2\/users\/51"}],"replies":[{"embeddable":true,"href":"https:\/\/www.senasa.gob.pe\/senasa\/wp-json\/wp\/v2\/comments?post=96047"}],"version-history":[{"count":4,"href":"https:\/\/www.senasa.gob.pe\/senasa\/wp-json\/wp\/v2\/pages\/96047\/revisions"}],"predecessor-version":[{"id":100828,"href":"https:\/\/www.senasa.gob.pe\/senasa\/wp-json\/wp\/v2\/pages\/96047\/revisions\/100828"}],"wp:attachment":[{"href":"https:\/\/www.senasa.gob.pe\/senasa\/wp-json\/wp\/v2\/media?parent=96047"}],"curies":[{"name":"wp","href":"https:\/\/api.w.org\/{rel}","templated":true}]}}