{"id":96063,"date":"2024-08-04T19:22:25","date_gmt":"2024-08-05T00:22:25","guid":{"rendered":"https:\/\/www.senasa.gob.pe\/senasa\/?page_id=96063"},"modified":"2024-08-04T19:42:24","modified_gmt":"2024-08-05T00:42:24","slug":"convocatoria3-2","status":"publish","type":"page","link":"https:\/\/www.senasa.gob.pe\/senasa\/convocatoria3-2\/","title":{"rendered":"CONVOCATORIA3"},"content":{"rendered":"<ul>\n<li><a href=\"https:\/\/www.senasa.gob.pe\/senasa\/descargasarchivos\/2024\/08\/1-TDR-CONDUCCION-VEHICULAR.pdf\"><span style=\"font-family: helvetica, arial, sans-serif; font-size: 10pt;\">1- TDR-CONDUCCI\u00d3N VEHICULAR<\/span><\/a><\/li>\n<li><a href=\"https:\/\/www.senasa.gob.pe\/senasa\/descargasarchivos\/2024\/08\/2-AVISO-DE-CONVOCATORIA-CONDUCCION-VEHICULAR.pdf\"><span style=\"font-family: helvetica, arial, sans-serif; font-size: 10pt;\">2- AVISO DE CONVOCATORIA-CONDUCCI\u00d3N VEHICULAR<\/span><\/a><\/li>\n<li><a href=\"https:\/\/www.senasa.gob.pe\/senasa\/descargasarchivos\/2024\/08\/3-CRONOGRAMA-CONDUCCION-VEHICULAR.pdf\"><span style=\"font-family: helvetica, arial, sans-serif; font-size: 10pt;\">3- CRONOGRAMA CONDUCCI\u00d3N VEHICULAR<\/span><\/a><\/li>\n<li><a href=\"https:\/\/www.senasa.gob.pe\/senasa\/descargasarchivos\/2024\/08\/4-ANEXO-01-HOJA-DE-VIDA-CONDUCCION-VEHICULAR.docx\"><span style=\"font-family: helvetica, arial, sans-serif; font-size: 10pt;\">4-ANEXO 01 HOJA DE VIDA CONDUCCI\u00d3N VEHICULAR<\/span><\/a><\/li>\n<li><a href=\"https:\/\/www.senasa.gob.pe\/senasa\/descargasarchivos\/2024\/08\/5-ANEXO-04-DECLARACION-JURADA-1.docx\"><span style=\"font-family: helvetica, arial, sans-serif; font-size: 10pt;\">5- ANEXO 04 DECLARACI\u00d3N JURADA<\/span><\/a><\/li>\n<\/ul>\n","protected":false},"excerpt":{"rendered":"<p>1- TDR-CONDUCCI\u00d3N VEHICULAR 2- AVISO DE CONVOCATORIA-CONDUCCI\u00d3N VEHICULAR 3- CRONOGRAMA CONDUCCI\u00d3N VEHICULAR 4-ANEXO 01 HOJA DE VIDA CONDUCCI\u00d3N VEHICULAR 5- ANEXO 04 DECLARACI\u00d3N JURADA<\/p>\n","protected":false},"author":51,"featured_media":0,"parent":0,"menu_order":0,"comment_status":"closed","ping_status":"closed","template":"","meta":{"footnotes":""},"class_list":["post-96063","page","type-page","status-publish","hentry"],"_links":{"self":[{"href":"https:\/\/www.senasa.gob.pe\/senasa\/wp-json\/wp\/v2\/pages\/96063","targetHints":{"allow":["GET"]}}],"collection":[{"href":"https:\/\/www.senasa.gob.pe\/senasa\/wp-json\/wp\/v2\/pages"}],"about":[{"href":"https:\/\/www.senasa.gob.pe\/senasa\/wp-json\/wp\/v2\/types\/page"}],"author":[{"embeddable":true,"href":"https:\/\/www.senasa.gob.pe\/senasa\/wp-json\/wp\/v2\/users\/51"}],"replies":[{"embeddable":true,"href":"https:\/\/www.senasa.gob.pe\/senasa\/wp-json\/wp\/v2\/comments?post=96063"}],"version-history":[{"count":4,"href":"https:\/\/www.senasa.gob.pe\/senasa\/wp-json\/wp\/v2\/pages\/96063\/revisions"}],"predecessor-version":[{"id":96091,"href":"https:\/\/www.senasa.gob.pe\/senasa\/wp-json\/wp\/v2\/pages\/96063\/revisions\/96091"}],"wp:attachment":[{"href":"https:\/\/www.senasa.gob.pe\/senasa\/wp-json\/wp\/v2\/media?parent=96063"}],"curies":[{"name":"wp","href":"https:\/\/api.w.org\/{rel}","templated":true}]}}