{"id":96844,"date":"2024-08-23T15:29:54","date_gmt":"2024-08-23T20:29:54","guid":{"rendered":"https:\/\/www.senasa.gob.pe\/senasa\/?page_id=96844"},"modified":"2024-08-23T15:35:00","modified_gmt":"2024-08-23T20:35:00","slug":"convocatoria-pcc","status":"publish","type":"page","link":"https:\/\/www.senasa.gob.pe\/senasa\/convocatoria-pcc\/","title":{"rendered":"CONVOCATORIA PCC"},"content":{"rendered":"<ul>\n<li><a href=\"https:\/\/www.senasa.gob.pe\/senasa\/descargasarchivos\/2024\/08\/1-TDR-TECNICO-DE-PUESTO-DE-CONTROL.pdf\"><span style=\"font-family: helvetica, arial, sans-serif; font-size: 10pt;\">1- TDR T\u00c9CNICO DE PUESTO DE CONTROL<\/span><\/a><\/li>\n<li><a href=\"https:\/\/www.senasa.gob.pe\/senasa\/descargasarchivos\/2024\/08\/2-AVISO-DE-CONVOCATORIA-TECNICO-DE-PUESTO-DE-CONTROL.pdf\"><span style=\"font-family: helvetica, arial, sans-serif; font-size: 10pt;\">2- AVISO DE CONVOCATORIA T\u00c9CNICO DE PUESTO DE CONTROL<\/span><\/a><\/li>\n<li><a href=\"https:\/\/www.senasa.gob.pe\/senasa\/descargasarchivos\/2024\/08\/3-CRONOGRAMA.pdf\"><span style=\"font-family: helvetica, arial, sans-serif; font-size: 10pt;\">3- CRONOGRAMA<\/span><\/a><\/li>\n<li><a href=\"https:\/\/www.senasa.gob.pe\/senasa\/descargasarchivos\/2024\/08\/4-ANEXO-01-HOJA-DE-VIDA-TECNICO-PC.docx\"><span style=\"font-family: helvetica, arial, sans-serif; font-size: 10pt;\">4- ANEXO 01 HOJA DE VIDA TECNICO PC<\/span><\/a><\/li>\n<li><a href=\"https:\/\/www.senasa.gob.pe\/senasa\/descargasarchivos\/2024\/08\/5-ANEXO-04-DECLARACION-JURADA-2.docx\"><span style=\"font-family: helvetica, arial, sans-serif; font-size: 10pt;\">5- ANEXO 04 DECLARACI\u00d3N JURADA<\/span><\/a><\/li>\n<\/ul>\n","protected":false},"excerpt":{"rendered":"<p>1- TDR T\u00c9CNICO DE PUESTO DE CONTROL 2- AVISO DE CONVOCATORIA T\u00c9CNICO DE PUESTO DE CONTROL 3- CRONOGRAMA 4- ANEXO 01 HOJA DE VIDA TECNICO PC 5- ANEXO 04 DECLARACI\u00d3N JURADA<\/p>\n","protected":false},"author":51,"featured_media":0,"parent":0,"menu_order":0,"comment_status":"closed","ping_status":"closed","template":"","meta":{"footnotes":""},"class_list":["post-96844","page","type-page","status-publish","hentry"],"_links":{"self":[{"href":"https:\/\/www.senasa.gob.pe\/senasa\/wp-json\/wp\/v2\/pages\/96844","targetHints":{"allow":["GET"]}}],"collection":[{"href":"https:\/\/www.senasa.gob.pe\/senasa\/wp-json\/wp\/v2\/pages"}],"about":[{"href":"https:\/\/www.senasa.gob.pe\/senasa\/wp-json\/wp\/v2\/types\/page"}],"author":[{"embeddable":true,"href":"https:\/\/www.senasa.gob.pe\/senasa\/wp-json\/wp\/v2\/users\/51"}],"replies":[{"embeddable":true,"href":"https:\/\/www.senasa.gob.pe\/senasa\/wp-json\/wp\/v2\/comments?post=96844"}],"version-history":[{"count":4,"href":"https:\/\/www.senasa.gob.pe\/senasa\/wp-json\/wp\/v2\/pages\/96844\/revisions"}],"predecessor-version":[{"id":96859,"href":"https:\/\/www.senasa.gob.pe\/senasa\/wp-json\/wp\/v2\/pages\/96844\/revisions\/96859"}],"wp:attachment":[{"href":"https:\/\/www.senasa.gob.pe\/senasa\/wp-json\/wp\/v2\/media?parent=96844"}],"curies":[{"name":"wp","href":"https:\/\/api.w.org\/{rel}","templated":true}]}}