{"id":96958,"date":"2024-08-28T09:07:39","date_gmt":"2024-08-28T14:07:39","guid":{"rendered":"https:\/\/www.senasa.gob.pe\/senasa\/?page_id=96958"},"modified":"2024-08-28T09:19:30","modified_gmt":"2024-08-28T14:19:30","slug":"convocatoria-cpmf","status":"publish","type":"page","link":"https:\/\/www.senasa.gob.pe\/senasa\/convocatoria-cpmf\/","title":{"rendered":"CONVOCATORIA CPMF"},"content":{"rendered":"<ul>\n<li><a href=\"https:\/\/www.senasa.gob.pe\/senasa\/descargasarchivos\/2024\/08\/1.-TDR-locador-07-tecnicos-.pdf\"><span style=\"font-family: helvetica, arial, sans-serif; font-size: 10pt;\">1. TDR locador 07 tecnicos<\/span><\/a><\/li>\n<li><a href=\"https:\/\/www.senasa.gob.pe\/senasa\/descargasarchivos\/2024\/08\/2.-CRONOGRAMA_07-TECNICOS.pdf\"><span style=\"font-family: helvetica, arial, sans-serif; font-size: 10pt;\">2. CRONOGRAMA_07 T\u00c9CNICOS<\/span><\/a><\/li>\n<li><a href=\"https:\/\/www.senasa.gob.pe\/senasa\/descargasarchivos\/2024\/08\/3.-AVISO-DE-CONVOCATORIA_07-TECNICOS.pdf\"><span style=\"font-family: helvetica, arial, sans-serif; font-size: 10pt;\">3. AVISO DE CONVOCATORIA_07 T\u00c9CNICOS<\/span><\/a><\/li>\n<li><a href=\"https:\/\/www.senasa.gob.pe\/senasa\/descargasarchivos\/2024\/08\/4.-ANEXO-01-Hoja-de-Vida_07-tecnicos.docx\"><span style=\"font-family: helvetica, arial, sans-serif; font-size: 10pt;\">4. ANEXO 01- Hoja de Vida_07 t\u00e9cnicos<\/span><\/a><\/li>\n<li><a href=\"https:\/\/www.senasa.gob.pe\/senasa\/descargasarchivos\/2024\/08\/5.-DECLARACION-JURADA.docx\"><span style=\"font-family: helvetica, arial, sans-serif; font-size: 10pt;\">5. DECLARACI\u00d3N JURADA<\/span><\/a><\/li>\n<\/ul>\n","protected":false},"excerpt":{"rendered":"<p>1. TDR locador 07 tecnicos 2. CRONOGRAMA_07 T\u00c9CNICOS 3. AVISO DE CONVOCATORIA_07 T\u00c9CNICOS 4. ANEXO 01- Hoja de Vida_07 t\u00e9cnicos 5. DECLARACI\u00d3N JURADA<\/p>\n","protected":false},"author":51,"featured_media":0,"parent":0,"menu_order":0,"comment_status":"closed","ping_status":"closed","template":"","meta":{"footnotes":""},"class_list":["post-96958","page","type-page","status-publish","hentry"],"_links":{"self":[{"href":"https:\/\/www.senasa.gob.pe\/senasa\/wp-json\/wp\/v2\/pages\/96958","targetHints":{"allow":["GET"]}}],"collection":[{"href":"https:\/\/www.senasa.gob.pe\/senasa\/wp-json\/wp\/v2\/pages"}],"about":[{"href":"https:\/\/www.senasa.gob.pe\/senasa\/wp-json\/wp\/v2\/types\/page"}],"author":[{"embeddable":true,"href":"https:\/\/www.senasa.gob.pe\/senasa\/wp-json\/wp\/v2\/users\/51"}],"replies":[{"embeddable":true,"href":"https:\/\/www.senasa.gob.pe\/senasa\/wp-json\/wp\/v2\/comments?post=96958"}],"version-history":[{"count":4,"href":"https:\/\/www.senasa.gob.pe\/senasa\/wp-json\/wp\/v2\/pages\/96958\/revisions"}],"predecessor-version":[{"id":96988,"href":"https:\/\/www.senasa.gob.pe\/senasa\/wp-json\/wp\/v2\/pages\/96958\/revisions\/96988"}],"wp:attachment":[{"href":"https:\/\/www.senasa.gob.pe\/senasa\/wp-json\/wp\/v2\/media?parent=96958"}],"curies":[{"name":"wp","href":"https:\/\/api.w.org\/{rel}","templated":true}]}}