{"id":9757,"date":"2015-01-13T18:28:14","date_gmt":"2015-01-13T18:28:14","guid":{"rendered":"http:\/\/200.60.104.74\/senasa\/?page_id=9757"},"modified":"2015-02-16T17:45:13","modified_gmt":"2015-02-16T22:45:14","slug":"resultados","status":"publish","type":"page","link":"https:\/\/www.senasa.gob.pe\/senasa\/resultados\/","title":{"rendered":"Resultados"},"content":{"rendered":"<p><span style=\"font-size: 10pt; font-family: helvetica;\">RESULTADO<\/span><\/p>\n<table style=\"height: 502px;\" border=\"1\" width=\"571\" cellspacing=\"0\" cellpadding=\"0\">\n<tbody>\n<tr>\n<td colspan=\"6\" width=\"601\">\n<div align=\"center\"><span style=\"font-size: 10pt; font-family: helvetica;\"><strong>RESULTADOS DEL CONCURSO P\u00daBLICO DE M\u00c9RITOS<\/strong><\/span><\/div>\n<\/td>\n<\/tr>\n<tr>\n<td width=\"102\">\n<div align=\"center\"><span style=\"font-size: 10pt; font-family: helvetica;\"><strong>FASES DEL PROCESO<\/strong><\/span><\/div>\n<\/td>\n<td width=\"100\">\n<div align=\"center\"><span style=\"font-size: 10pt; font-family: helvetica;\"><strong>Cumplimiento de Requisitos M\u00ednimos<\/strong><\/span><\/div>\n<\/td>\n<td width=\"100\">\n<div align=\"center\"><span style=\"font-size: 10pt; font-family: helvetica;\"><strong>Evaluaci\u00f3n Psicot\u00e9cnica<\/strong><\/span><\/div>\n<\/td>\n<td width=\"100\">\n<div align=\"center\"><span style=\"font-size: 10pt; font-family: helvetica;\"><strong>Evaluaci\u00f3n de Conocimientos<\/strong><\/span><\/div>\n<\/td>\n<td width=\"100\">\n<div align=\"center\"><span style=\"font-size: 10pt; font-family: helvetica;\"><strong>Entrevista por Competencias<\/strong><\/span><\/div>\n<\/td>\n<td width=\"100\">\n<div align=\"center\"><span style=\"font-size: 10pt; font-family: helvetica;\"><strong>Resultado Final<\/strong><\/span><\/div>\n<\/td>\n<\/tr>\n<tr>\n<td width=\"102\">\n<div align=\"center\"><span style=\"font-size: 10pt; font-family: helvetica;\"><strong>RELACI\u00d3N DE PARTICIPANTES<\/strong><\/span><\/div>\n<\/td>\n<td valign=\"top\" width=\"100\">\n<div align=\"center\"><span style=\"font-size: 10pt; font-family: helvetica;\"><strong><a href=\"https:\/\/www.senasa.gob.pe\/senasa\/descargasarchivos\/2015\/01\/Resultados-Requisitos-m\u00ednimos-Primera-publicacion.pdf\" target=\"_blank\"><img loading=\"lazy\" decoding=\"async\" class=\" alignleft\" src=\"https:\/\/www.senasa.gob.pe\/senasa\/descargasarchivos\/jer\/IULIJDFLK87564\/PDF.JPG\" alt=\"\" width=\"50\" height=\"58\" \/><\/a>\u00a0<\/strong><\/span><\/div>\n<\/td>\n<td valign=\"top\" width=\"100\">\n<div align=\"center\"><span style=\"font-size: 10pt; font-family: helvetica;\"><strong><a href=\"https:\/\/www.senasa.gob.pe\/senasa\/descargasarchivos\/jer\/IULIJDFLK87564\/APROBACION%20DE%20EXAMEN%20PSICOTECNICO%2008%20ENE%202015.pdf\" target=\"_blank\"><img loading=\"lazy\" decoding=\"async\" class=\" alignleft\" src=\"https:\/\/www.senasa.gob.pe\/senasa\/descargasarchivos\/jer\/IULIJDFLK87564\/PDF.JPG\" alt=\"\" width=\"50\" height=\"58\" \/><\/a><\/strong><\/span><\/div>\n<\/td>\n<td valign=\"top\" width=\"100\">\n<div align=\"center\"><span style=\"font-size: 10pt; font-family: helvetica;\"><strong><a href=\"https:\/\/www.senasa.gob.pe\/senasa\/descargasarchivos\/jer\/IULIJDFLK87564\/APROBACION%20DE%20EXAMEN%20DE%20CONOCIMIENTOS%2023%20DE%20ENERO%20215.pdf\" target=\"_blank\"><img loading=\"lazy\" decoding=\"async\" class=\" alignleft\" src=\"https:\/\/www.senasa.gob.pe\/senasa\/descargasarchivos\/jer\/IULIJDFLK87564\/PDF.JPG\" alt=\"\" width=\"50\" height=\"58\" \/><\/a><\/strong><\/span><\/div>\n<\/td>\n<td rowspan=\"3\" valign=\"top\" width=\"100\">\n<div align=\"center\"><span style=\"font-size: 10pt; font-family: helvetica;\"><strong><a href=\"https:\/\/www.senasa.gob.pe\/senasa\/descargasarchivos\/jer\/IULIJDFLK87564\/RESULTADOS%20PRELIMINARES%20DE%20LA%20ENTREVISTA%20POR%20COMPETENCIAS%20-%20ok.doc\" target=\"_blank\"><img loading=\"lazy\" decoding=\"async\" class=\" alignleft\" src=\"https:\/\/www.senasa.gob.pe\/senasa\/descargasarchivos\/jer\/IULIJDFLK87564\/WORD.gif\" alt=\"\" width=\"50\" height=\"50\" \/><\/a><\/strong><\/span><\/div>\n<div align=\"center\"><\/div>\n<div align=\"center\"><span style=\"font-size: 10pt; font-family: helvetica;\"><strong><br \/>\n<\/strong><\/span><\/div>\n<\/td>\n<td rowspan=\"3\" valign=\"top\" width=\"100\">\n<div align=\"center\"><span style=\"font-size: 10pt; font-family: helvetica;\"><strong><img loading=\"lazy\" decoding=\"async\" class=\" alignleft\" src=\"https:\/\/www.senasa.gob.pe\/senasa\/descargasarchivos\/jer\/IULIJDFLK87564\/WORD.gif\" alt=\"\" width=\"50\" height=\"50\" \/><\/strong><\/span><\/div>\n<div align=\"center\"><\/div>\n<div align=\"center\"><\/div>\n<div align=\"center\"><a href=\"https:\/\/www.senasa.gob.pe\/senasa\/descargasarchivos\/2015\/01\/RESULTADO-FINAL-DEL-PROCESO-DE-CPM-2014-OK.pdf\" target=\"_blank\"><img loading=\"lazy\" decoding=\"async\" class=\" alignleft\" src=\"https:\/\/www.senasa.gob.pe\/senasa\/descargasarchivos\/jer\/IULIJDFLK87564\/PDF.JPG\" alt=\"\" width=\"50\" height=\"58\" \/><\/a><\/div>\n<div align=\"center\"><a href=\"https:\/\/www.senasa.gob.pe\/senasa\/descargasarchivos\/2015\/01\/PRESENTACI\u00d3N-DE-DOCUMENTOS.docx\"><img loading=\"lazy\" decoding=\"async\" class=\" alignleft\" src=\"https:\/\/www.senasa.gob.pe\/senasa\/descargasarchivos\/jer\/IULIJDFLK87564\/WORD.gif\" alt=\"\" width=\"50\" height=\"50\" \/><\/a><\/div>\n<\/td>\n<\/tr>\n<tr>\n<td width=\"102\">\n<div align=\"center\"><span style=\"font-size: 10pt; font-family: helvetica;\"><strong>Fecha de 1\u00ba Publicaci\u00f3n<\/strong><\/span><\/div>\n<\/td>\n<td valign=\"top\" width=\"100\">\n<div align=\"center\"><span style=\"font-size: 10pt; font-family: helvetica;\">\u00a0<\/span><\/div>\n<div align=\"center\"><span style=\"font-size: 10pt; font-family: helvetica;\"><strong>19\/12\/2014\u00a0<\/strong><\/span><\/div>\n<\/td>\n<td valign=\"top\" width=\"100\">\n<div align=\"center\"><span style=\"font-size: 10pt; font-family: helvetica;\">\u00a0<\/span><\/div>\n<div align=\"center\"><span style=\"font-size: 10pt; font-family: helvetica;\"><strong>09\/01\/2014\u00a0<\/strong><\/span><\/div>\n<\/td>\n<td valign=\"top\" width=\"100\">\n<div align=\"center\"><span style=\"font-size: 10pt; font-family: helvetica;\">\u00a0<\/span><\/div>\n<div align=\"center\"><span style=\"font-size: 10pt; font-family: helvetica;\"><strong>\u00a023\/01\/2015<\/strong><\/span><\/div>\n<\/td>\n<\/tr>\n<tr>\n<td width=\"102\">\n<div align=\"center\"><span style=\"font-size: 10pt; font-family: helvetica;\"><strong>RELACI\u00d3N DE PARTICIPANTES<\/strong><\/span><\/div>\n<\/td>\n<td valign=\"top\" width=\"100\">\n<div align=\"center\"><span style=\"font-size: 10pt; font-family: helvetica;\"><strong><a href=\"https:\/\/www.senasa.gob.pe\/senasa\/descargasarchivos\/jer\/IULIJDFLK87564\/APROBACION%20DE%20REQUISITOS%20MINIMOS%2023%20DIC%202014%20OKJ.pdf\" target=\"_blank\"><img loading=\"lazy\" decoding=\"async\" class=\" alignleft\" src=\"https:\/\/www.senasa.gob.pe\/senasa\/descargasarchivos\/jer\/IULIJDFLK87564\/PDF.JPG\" alt=\"\" width=\"50\" height=\"58\" \/><\/a>\u00a0<\/strong><\/span><\/div>\n<\/td>\n<td valign=\"top\" width=\"100\">\n<div align=\"center\"><span style=\"font-size: 10pt; font-family: helvetica;\"><strong><a href=\"https:\/\/www.senasa.gob.pe\/senasa\/descargasarchivos\/jer\/IULIJDFLK87564\/APROBACION%20DE%20EXAMEN%20PSICOTECNICO%2008%20ENE%202015.pdf\" target=\"_blank\"><img loading=\"lazy\" decoding=\"async\" class=\" alignleft\" src=\"https:\/\/www.senasa.gob.pe\/senasa\/descargasarchivos\/jer\/IULIJDFLK87564\/PDF.JPG\" alt=\"\" width=\"50\" height=\"58\" \/><\/a>\u00a0<\/strong><\/span><\/div>\n<\/td>\n<td valign=\"top\" width=\"100\">\n<div align=\"center\"><span style=\"font-size: 10pt; font-family: helvetica;\"><strong>\u00a0<a href=\"https:\/\/www.senasa.gob.pe\/senasa\/descargasarchivos\/jer\/IULIJDFLK87564\/LISTA%20FINAL%20DE%20EXAMEN%20DE%20CONOCIMIENTOS%2027%20ENE%202015.pdf\" target=\"_blank\"><img loading=\"lazy\" decoding=\"async\" class=\" alignleft\" src=\"https:\/\/www.senasa.gob.pe\/senasa\/descargasarchivos\/jer\/IULIJDFLK87564\/PDF.JPG\" alt=\"\" width=\"50\" height=\"58\" \/><\/a><\/strong><\/span><\/div>\n<\/td>\n<\/tr>\n<tr>\n<td width=\"102\">\n<div align=\"center\"><span style=\"font-size: 10pt; font-family: helvetica;\"><strong>Publicaci\u00f3n Final<\/strong><\/span><\/div>\n<\/td>\n<td valign=\"top\" width=\"100\">\n<div align=\"center\"><span style=\"font-size: 10pt; font-family: helvetica;\"><strong>23\/12\/2014\u00a0<\/strong><\/span><\/div>\n<\/td>\n<td valign=\"top\" width=\"100\">\n<div align=\"center\"><span style=\"font-size: 10pt; font-family: helvetica;\"><strong>\u00a009\/01\/2014<\/strong><\/span><\/div>\n<\/td>\n<td valign=\"top\" width=\"100\">\n<div align=\"center\"><span style=\"font-size: 10pt; font-family: helvetica;\"><strong>27\/01\/2015\u00a0<\/strong><\/span><\/div>\n<\/td>\n<td valign=\"top\" width=\"100\">\n<div align=\"center\"><span style=\"font-size: 10pt; font-family: helvetica;\"><strong>03\/02\/2015\u00a0<\/strong><\/span><\/div>\n<\/td>\n<td valign=\"top\" width=\"100\">\n<div align=\"center\"><span style=\"font-size: 10pt; font-family: helvetica;\"><strong>10\/02\/2015\u00a0<\/strong><\/span><\/div>\n<\/td>\n<\/tr>\n<tr>\n<td width=\"102\">\n<div align=\"center\"><span style=\"font-size: 10pt; font-family: helvetica;\"><strong>DETALLES DE LA SIGUIENTE FASE<\/strong><\/span><\/div>\n<\/td>\n<td valign=\"top\" width=\"100\">\n<div align=\"center\"><span style=\"font-size: 10pt; font-family: helvetica;\"><strong><a href=\"https:\/\/www.senasa.gob.pe\/senasa\/descargasarchivos\/jer\/IULIJDFLK87564\/LISTA%20DE%20LUGAR%20DE%20PSICOTECNICO%20OKJ.doc\" target=\"_blank\"><img loading=\"lazy\" decoding=\"async\" class=\" alignleft\" src=\"https:\/\/www.senasa.gob.pe\/senasa\/descargasarchivos\/jer\/IULIJDFLK87564\/WORD.gif\" alt=\"\" width=\"50\" height=\"50\" \/><\/a>\u00a0<\/strong><\/span><\/div>\n<\/td>\n<td valign=\"top\" width=\"100\">\n<div align=\"center\"><span style=\"font-size: 10pt; font-family: helvetica;\"><strong>\u00a0<a href=\"https:\/\/www.senasa.gob.pe\/senasa\/descargasarchivos\/jer\/IULIJDFLK87564\/DETALLES%20DE%20LA%20SIGUIENTE%20FASE%20-%20ok.doc\" target=\"_blank\"><img loading=\"lazy\" decoding=\"async\" class=\" alignleft\" src=\"https:\/\/www.senasa.gob.pe\/senasa\/descargasarchivos\/jer\/IULIJDFLK87564\/WORD.gif\" alt=\"\" width=\"50\" height=\"50\" \/><\/a><\/strong><\/span><\/div>\n<\/td>\n<td valign=\"top\" width=\"100\">\n<div align=\"center\"><span style=\"font-size: 10pt; font-family: helvetica;\"><strong>\u00a0<a href=\"https:\/\/www.senasa.gob.pe\/senasa\/descargasarchivos\/jer\/IULIJDFLK87564\/DETALLES%20DE%20LA%20FASE%20DE%20LA%20ENTREVISTA%20POR%20COMPETENCIAS%20-%20EMPRESAA.doc\" target=\"_blank\"><img loading=\"lazy\" decoding=\"async\" class=\" alignleft\" src=\"https:\/\/www.senasa.gob.pe\/senasa\/descargasarchivos\/jer\/IULIJDFLK87564\/WORD.gif\" alt=\"\" width=\"50\" height=\"50\" \/><\/a><\/strong><\/span><\/div>\n<div align=\"center\"><span style=\"font-size: 10pt; font-family: helvetica;\">\u00a0<\/span><\/div>\n<div align=\"center\"><span style=\"font-size: 10pt; font-family: helvetica;\"><strong><a href=\"https:\/\/www.senasa.gob.pe\/senasa\/descargasarchivos\/jer\/IULIJDFLK87564\/DETALLES%20DE%20LA%20FASE%20DE%20LA%20ENTREVISTA%20POR%20COMPETENCIAS%20-%20DIRECTIVOS.doc\" target=\"_blank\"><img loading=\"lazy\" decoding=\"async\" class=\" alignleft\" src=\"https:\/\/www.senasa.gob.pe\/senasa\/descargasarchivos\/jer\/IULIJDFLK87564\/WORD.gif\" alt=\"\" width=\"50\" height=\"50\" \/><\/a><\/strong><\/span><\/div>\n<div align=\"center\"><span style=\"font-size: 10pt; font-family: helvetica;\">\u00a0<\/span><\/div>\n<\/td>\n<td valign=\"top\" width=\"100\">\n<div align=\"center\"><span style=\"font-size: 10pt; font-family: helvetica;\"><strong>\u00a0<a href=\"https:\/\/www.senasa.gob.pe\/senasa\/descargasarchivos\/jer\/IULIJDFLK87564\/DETALLES%20DE%20LA%20FASE%20EVALUACION%20CURRICULAR.doc\" target=\"_blank\"><img loading=\"lazy\" decoding=\"async\" class=\" alignleft\" src=\"https:\/\/www.senasa.gob.pe\/senasa\/descargasarchivos\/jer\/IULIJDFLK87564\/WORD.gif\" alt=\"\" width=\"50\" height=\"50\" \/><\/a><\/strong><\/span><\/div>\n<\/td>\n<td valign=\"top\" width=\"100\">\n<div align=\"center\"><span style=\"font-size: 10pt; font-family: helvetica;\"><strong>\u00a0<\/strong><\/span><\/div>\n<\/td>\n<\/tr>\n<\/tbody>\n<\/table>\n","protected":false},"excerpt":{"rendered":"<p>RESULTADO RESULTADOS DEL CONCURSO P\u00daBLICO DE M\u00c9RITOS FASES DEL PROCESO Cumplimiento de Requisitos M\u00ednimos Evaluaci\u00f3n Psicot\u00e9cnica Evaluaci\u00f3n de Conocimientos Entrevista por Competencias Resultado Final RELACI\u00d3N DE PARTICIPANTES \u00a0 Fecha de 1\u00ba Publicaci\u00f3n \u00a0 19\/12\/2014\u00a0 \u00a0 09\/01\/2014\u00a0 \u00a0 \u00a023\/01\/2015 RELACI\u00d3N DE PARTICIPANTES \u00a0 \u00a0 \u00a0 Publicaci\u00f3n Final 23\/12\/2014\u00a0 \u00a009\/01\/2014 27\/01\/2015\u00a0 03\/02\/2015\u00a0 10\/02\/2015\u00a0 DETALLES DE LA SIGUIENTE [&hellip;]<\/p>\n","protected":false},"author":127,"featured_media":0,"parent":0,"menu_order":0,"comment_status":"closed","ping_status":"closed","template":"","meta":{"footnotes":""},"class_list":["post-9757","page","type-page","status-publish","hentry"],"_links":{"self":[{"href":"https:\/\/www.senasa.gob.pe\/senasa\/wp-json\/wp\/v2\/pages\/9757","targetHints":{"allow":["GET"]}}],"collection":[{"href":"https:\/\/www.senasa.gob.pe\/senasa\/wp-json\/wp\/v2\/pages"}],"about":[{"href":"https:\/\/www.senasa.gob.pe\/senasa\/wp-json\/wp\/v2\/types\/page"}],"author":[{"embeddable":true,"href":"https:\/\/www.senasa.gob.pe\/senasa\/wp-json\/wp\/v2\/users\/127"}],"replies":[{"embeddable":true,"href":"https:\/\/www.senasa.gob.pe\/senasa\/wp-json\/wp\/v2\/comments?post=9757"}],"version-history":[{"count":0,"href":"https:\/\/www.senasa.gob.pe\/senasa\/wp-json\/wp\/v2\/pages\/9757\/revisions"}],"wp:attachment":[{"href":"https:\/\/www.senasa.gob.pe\/senasa\/wp-json\/wp\/v2\/media?parent=9757"}],"curies":[{"name":"wp","href":"https:\/\/api.w.org\/{rel}","templated":true}]}}